{"id":15543,"date":"2023-03-22T17:19:17","date_gmt":"2023-03-22T16:19:17","guid":{"rendered":"https:\/\/report.branchenversicherung.ch\/focus\/"},"modified":"2023-05-12T13:57:12","modified_gmt":"2023-05-12T11:57:12","slug":"focus","status":"publish","type":"page","link":"https:\/\/report.branchenversicherung.ch\/2022\/fr\/focus\/","title":{"rendered":"Focus"},"content":{"rendered":"<div class=\"gb-container gb-container-2e514c65 alignfull\"><\/div>\n\n<div class=\"gb-container gb-container-6438943c\">\n\n<p style=\"margin-bottom: 16px;\">R\u00e9trospective<\/p>\n\n\n\n<h2 style=\"font-size:54px;font-style:normal;font-weight:700; margin-bottom: 32px;\">Chiffres et pr\u00e9visions<\/h2>\n\n\n\n<section id=\"StickyDownloader-block_87e27e3ab80cc5d0bdfb909c3f1a55ef\" class=\"sticky__downloader alignfull sticky__downloader_wrapper\">\n        <div class=\"sticky__downloader_box\">\n        <a target=\"_blank\" href=\"https:\/\/report.branchenversicherung.ch\/2022\/wp-content\/uploads\/sites\/1\/2023\/05\/BV_GB22_Online_Zahlenteil_OR_FR_RZ_Download_Doppel-2.pdf\" class=\"sticky__downloader__container\">\n            <div class=\"sticky__downloader__back\">\n                <svg width=\"198\" height=\"90\" viewBox=\"0 0 198 90\"  preserveAspectRatio=\"none\" fill=\"rgba(255, 255, 255, 0.3)\" xmlns=\"http:\/\/www.w3.org\/2000\/svg\">\n                    <path d=\"M180.109 19H197V89H1.10938V1H179.109V18V19H180.109Z\" stroke=\"#E21E26\" stroke-width=\"2\"\/>\n                    <path d=\"M1.10938 1H179.693L197 18.4124V89H1.10938V1Z\" stroke=\"#E21E26\" stroke-width=\"2\"\/>\n                <\/svg>\n            <\/div>\n            <div class=\"sticky__animation__box\">\n                <div class=\"sticky__animation__box__item_1\">\n                    <p class=\"sticky__downloader__title\">Rapport 2022<\/p>\n\n<p class=\"sticky__downloader__link\">PDF, 2.3 MB<\/p>                <\/div>\n                <div class=\"download__hidden__btn\">\n                    <svg width=\"24\" height=\"24\" viewBox=\"0 0 24 24\" fill=\"none\" xmlns=\"http:\/\/www.w3.org\/2000\/svg\">\n                        <path d=\"M12 2L12 16\" stroke=\"#A20613\" stroke-width=\"2\"\/>\n                        <path d=\"M18.1158 10.0601L12.0601 16.1159L5.99362 10.0601\" stroke=\"#A20613\" stroke-width=\"2\"\/>\n                        <line x1=\"4\" y1=\"20\" x2=\"20\" y2=\"20\" stroke=\"#A20613\" stroke-width=\"2\"\/>\n                    <\/svg>\n                    <p>\n                        Download\n                    <\/p>\n\n                <\/div>\n            <\/div>\n\n        <\/a>\n        <div class=\"sticky__downloader__container_mob\">\n            <svg width=\"52\" height=\"60\" viewBox=\"0 0 52 60\" fill=\"none\" preserveAspectRatio=\"none\" xmlns=\"http:\/\/www.w3.org\/2000\/svg\">\n                <path d=\"M38.35 22.3208H51V59H11V11H37.35V21.3208V22.3208H38.35Z\" stroke=\"#E21E26\" stroke-width=\"2\"\/>\n                <path d=\"M51 59L11 59V11H37.9893L51 21.7906V59Z\" stroke=\"#E21E26\" stroke-width=\"2\"\/>\n                <line x1=\"18.8135\" y1=\"32.3333\" x2=\"40.5085\" y2=\"32.3333\" stroke=\"#E21E26\" stroke-width=\"2\"\/>\n                <line x1=\"18.8135\" y1=\"40.1111\" x2=\"40.5085\" y2=\"40.1111\" stroke=\"#E21E26\" stroke-width=\"2\"\/>\n                <line x1=\"18.8135\" y1=\"47.8889\" x2=\"31.0169\" y2=\"47.8889\" stroke=\"#E21E26\" stroke-width=\"2\"\/>\n                <rect width=\"24\" height=\"24\" fill=\"#E21E26\"\/>\n                <path d=\"M12 5.33333L12 14.6667\" stroke=\"white\" stroke-width=\"1.33333\"\/>\n                <path d=\"M16.0773 10.7067L12.0401 14.7439L7.99579 10.7067\" stroke=\"white\" stroke-width=\"1.33333\"\/>\n                <line x1=\"6.66669\" y1=\"17.3333\" x2=\"17.3334\" y2=\"17.3333\" stroke=\"white\" stroke-width=\"1.33333\"\/>\n            <\/svg>\n\n        <\/div>\n    <\/div>\n\n<\/section>\n\n\n\n\n\n<p>Retrouverez ici l\u2019essentiel en bref: les chiffres-cl\u00e9s et le compte de r\u00e9sultat d\u2019exploitation en regard des r\u00e9sultats de l\u2019exercice pr\u00e9c\u00e9dent. L\u2019int\u00e9gralit\u00e9 des autres informations et chiffres concernant l\u2019exercice 2022 sont disponibles \u00e0 la rubrique \u00ab<a href=\"https:\/\/report.branchenversicherung.ch\/fr\/finanzen\/\" target=\"_blank\" data-type=\"URL\" data-id=\"https:\/\/report.branchenversicherung.ch\/fr\/finanzen\/\" rel=\"noreferrer noopener\">Finances<\/a>\u00bb. Sans oublier: Marcel Maier (responsable Vente) l\u00e8ve un coin du voile sur l\u2019avenir. <\/p>\n\n<\/div>\n\n<div class=\"gb-container gb-container-a474b554\">\n\n<h2 class=\"wp-block-heading\" style=\"font-size:26px;font-style:normal;font-weight:700\">Chiffres-cl\u00e9s<\/h2>\n\n\n\n<figure class=\"wp-block-image size-full custom_img_over\"><img decoding=\"async\" width=\"2333\" height=\"1288\" src=\"https:\/\/report.branchenversicherung.ch\/wp-content\/uploads\/2023\/05\/BV_GB22_Online_Zahlen_Tabellen_RZ_FR_Kennzahlen-1.jpg\" alt=\"\" class=\"wp-image-17764\"\/><\/figure>\n\n<\/div>\n\n<div class=\"gb-container gb-container-5928df19\">\n\n<h2 class=\"wp-block-heading\" style=\"font-size:26px;font-style:normal;font-weight:700\">Compte de r\u00e9sultat<\/h2>\n\n\n\n<figure class=\"wp-block-image size-large custom_img_over\"><img decoding=\"async\" width=\"1024\" height=\"564\" src=\"https:\/\/report.branchenversicherung.ch\/wp-content\/uploads\/2023\/05\/BV_GB22_Online_Zahlen_Tabellen_RZ_FR_Erfolgsrechnung_kurz-1-1024x564.jpg\" alt=\"\" class=\"wp-image-17761\" srcset=\"https:\/\/report.branchenversicherung.ch\/2022\/wp-content\/uploads\/sites\/1\/2023\/05\/BV_GB22_Online_Zahlen_Tabellen_RZ_FR_Erfolgsrechnung_kurz-1-1024x564.jpg 1024w, https:\/\/report.branchenversicherung.ch\/2022\/wp-content\/uploads\/sites\/1\/2023\/05\/BV_GB22_Online_Zahlen_Tabellen_RZ_FR_Erfolgsrechnung_kurz-1-300x165.jpg 300w, https:\/\/report.branchenversicherung.ch\/2022\/wp-content\/uploads\/sites\/1\/2023\/05\/BV_GB22_Online_Zahlen_Tabellen_RZ_FR_Erfolgsrechnung_kurz-1-768x423.jpg 768w, https:\/\/report.branchenversicherung.ch\/2022\/wp-content\/uploads\/sites\/1\/2023\/05\/BV_GB22_Online_Zahlen_Tabellen_RZ_FR_Erfolgsrechnung_kurz-1-1536x846.jpg 1536w, https:\/\/report.branchenversicherung.ch\/2022\/wp-content\/uploads\/sites\/1\/2023\/05\/BV_GB22_Online_Zahlen_Tabellen_RZ_FR_Erfolgsrechnung_kurz-1-2048x1128.jpg 2048w\" sizes=\"(max-width: 1024px) 100vw, 1024px\" \/><\/figure>\n\n<\/div>\n\n<div class=\"gb-container gb-container-8b0e6f80\">\n<section id=\"accordionB-block_d1b408929d98e38afc7fdc390287a50a\" class=\"accordionB container__accordion\">\n  <div class=\"rows__accordion make__accordion\"><p class=\"accordion__title__down\"> <span class=\"acc__head__text\"> Ristournes<\/span><span class=\"icon__accordion__acc\"> <i class=\"fas fa-chevron-down\"><\/i>  <i class=\"fas fa-chevron-up\"><\/i> <\/span><\/p><div class=\"accordion__hidden__shown\"><h2 style=\"font-size:54px;font-style:normal;font-weight:700; margin-bottom: 32px;\">Des temps difficiles<\/strong><\/h2>\n<p>En tant que membre de notre coop\u00e9rative, vous pouvez b\u00e9n\u00e9ficier de ristournes en cas de r\u00e9sultats commerciaux positifs. Chaque fois que nous enregistrons de bons exercices, nous nous effor\u00e7ons de verser des ristournes \u00e0 nos membres.<\/p>\n<p>&nbsp;<\/p>\n<p>Malheureusement, nous avons \u00e9t\u00e9 confront\u00e9s \u00e0 une succession de revers inattendus ces derni\u00e8res ann\u00e9es: la pand\u00e9mie de Covid-19, la guerre en Ukraine, la p\u00e9nurie d\u2019\u00e9nergie, la crise des march\u00e9s financiers et, plus r\u00e9cemment, la tendance inflationniste accompagn\u00e9e de la hausse des taux d\u2019int\u00e9r\u00eat. Ces \u00e9v\u00e9nements ont montr\u00e9 \u00e0 quel point nos r\u00e9sultats annuels sont tributaires de facteurs sur lesquels nous n\u2019avons aucune influence directe.<\/p>\n<p>&nbsp;<\/p>\n<p>\u00c0 la suite de quoi, le conseil d\u2019administration a d\u00e9cid\u00e9, sous r\u00e9serve de l\u2019approbation de l\u2019assembl\u00e9e g\u00e9n\u00e9rale du 31 mai 2023, de ne pas verser de ristournes au titre de l\u2019exercice 2022. Nous comprenons que cela puisse susciter de la d\u00e9ception, mais nous tenons \u00e0 vous assurer que nous avons pris notre d\u00e9cision en toute conscience. Nous sommes persuad\u00e9s que cette mesure nous permettra de verser \u00e0 nouveau des ristournes d\u00e8s le retour d\u2019ann\u00e9es plus favorables.\u00bb<\/p>\n<p>&nbsp;<\/p>\n<p>Nous tenons \u00e0 vous remercier, chers membres, pour votre compr\u00e9hension et votre fid\u00e9lit\u00e9 sans faille.<\/p>\n<p>&nbsp;<\/p>\n<p>Yves Gyr<\/p>\n<p>Pr\u00e9sident du conseil d\u2019administration<\/p>\n<p>&nbsp;<\/p>\n<p><img decoding=\"async\" class=\"alignnone  wp-image-16622\" src=\"\/wp-content\/uploads\/2023\/04\/BV_GB22_Online_Zahlen_Tabellen_RZ_FR_Rueckverguetung.jpg\" alt=\"\" width=\"100%\" height=\"auto\" \/><\/p>\n<\/div><hr class=\"accordion__separate row__seps\"><\/div><\/section>\n\n<\/div>\n\n<div class=\"gb-container gb-container-0f156684 custom__back__1\"><\/div>\n\n<div class=\"gb-container gb-container-59eb5150\">\n\n<p style=\"font-size:18px; margin-bottom: 16px;\">Regard sur l&rsquo;avenir du point de vue de Marcel Maier, Responsable des ventes<\/p>\n\n\n\n<h2 style=\"font-size:54px;font-style:normal;font-weight:700; line-height: 64px;\">L\u2019humain au c\u0153ur de nos pr\u00e9occupations \u2013 aujourd\u2019hui comme demain<\/h2>\n\n<\/div>\n\n<div class=\"gb-container gb-container-69efed36\">\n\n<section id=\"CustomOverflowText-block_08f74d36d0770ba6484e0d8ee9951f13\" class=\"overflow__text custom__overflow_wrapper\">\n            <div class=\"custom__overflow__desc hidden\" >\n            <h3 style=\"font-size:26px;font-style:normal;font-weight:700;\">Notre avenir est ind\u00e9niablement porteur de promesses. Marcel Maier, responsable Ventes et membre de la direction, va nous expliquer ce dont nous avons besoin pour aborder l\u2019ann\u00e9e avec une comp\u00e9titivit\u00e9 forte et nous pr\u00e9senter les th\u00e8mes prioritaires que nous avons d\u00e9finis pour ce faire. Il se propose de jeter un coup d\u2019\u0153il dans sa boule de cristal et de nous exposer ses conclusions.<\/h3>\n<p>&nbsp;<\/p>\n<p>La <strong>croissance durable<\/strong> repose n\u00e9cessairement sur des partenariats de confiance. Il nous tient \u00e0 c\u0153ur de resserrer encore notre collaboration avec nos courtiers dans une d\u00e9marche gagnante renforc\u00e9e et de convaincre de nouveaux partenaires de coop\u00e9ration de notre professionnalisme et de la qualit\u00e9 de nos services. Pour cela, nous misons sur l\u2019authenticit\u00e9 et la transmission de nos valeurs \u00e0 nos interlocuteurs. C\u2019est pourquoi nous n\u2019avons cess\u00e9 d\u2019investir dans les talents dont nous avons besoin et de d\u00e9velopper de mani\u00e8re cibl\u00e9e nos connaissances sp\u00e9cialis\u00e9es et nos comp\u00e9tences orient\u00e9es pratique.<\/p>\n<p>&nbsp;<\/p>\n<p>Je consid\u00e8re <strong>l\u2019acc\u00e9l\u00e9ration de la num\u00e9risation des produits et de la distribution<\/strong> comme une mission personnelle. Nous souhaitons \u00eatre un partenaire de confiance aux c\u00f4t\u00e9s des courtiers \u2013 les grands comme les petits et les \u00abnum\u00e9riques\u00bb. Aujourd\u2019hui, proposer des produits d\u2019assurance num\u00e9riques est presque devenue une obligation. De tels projets, qu\u2019ils soient num\u00e9riques ou non \u2013 tels qu\u2019un portail clients ou un portail courtiers \u2013, sont \u00e0 la fois les pi\u00e8ces d\u2019un puzzle et le catalyseur d\u2019un mode de vente enti\u00e8rement num\u00e9ris\u00e9. Pris dans son ensemble, ce mode de vente englobe de nombreux processus qu\u2019il convient de planifier et de coordonner. D\u2019une mani\u00e8re ou d\u2019une autre, nous faisons en sorte que nos clients \u2013 malgr\u00e9, ou gr\u00e2ce \u00e0 notre taille \u2013 se sentent bien chez nous tout en sachant qu\u2019ils pourront toujours compter sur des contacts personnels.<\/p>\n        <\/div>\n        <div class=\"custom__overflow__button\">\n            <div class=\"buttom__overlay\"><\/div>\n            <p>Lire la suite<\/p>\n            <svg width=\"24\" height=\"24\" viewBox=\"0 0 24 24\" fill=\"none\" xmlns=\"http:\/\/www.w3.org\/2000\/svg\">\n                <path d=\"M3 12L21 12\" stroke=\"#E21E26\" stroke-width=\"2\"\/>\n                <path d=\"M12 3L12 21\" stroke=\"#E21E26\" stroke-width=\"2\"\/>\n            <\/svg>\n\n\n        <\/div>\n<\/section>\n\n<\/div>\n\n<div class=\"gb-container gb-container-10db5ab0\">\n\n<h2 class=\"cst__pd\" style=\"font-size:32px;font-style:normal;font-weight:700; margin-bottom: 80px;\">Facts &amp; Figures<\/h2>\n\n\n\n<section id=\"FiguresBlock-block_37387567f17d7fe7278c733e8000ec2f\" class=\"figures__block figures_wrapper\">\n                <div class=\"figure__container\" style=\"background: #ffffff\">\n                <div class=\"figure__desc\">\n                                    <\/div>\n                \n                <div class=\"figure__img\">\n                    <img decoding=\"async\" src=\"https:\/\/report.branchenversicherung.ch\/2022\/wp-content\/uploads\/sites\/1\/2023\/04\/BV_GB22_Online_Grafik_SST-Quote_FR.gif\" alt=\"\">\n\n                <\/div>\n\n                \n\n            <\/div>\n                    <div class=\"figure__container\" style=\"background: #ffffff\">\n                <div class=\"figure__desc\">\n                                    <\/div>\n                \n                <div class=\"figure__img\">\n                    <img decoding=\"async\" src=\"https:\/\/report.branchenversicherung.ch\/2022\/wp-content\/uploads\/sites\/1\/2023\/04\/BV_GB22_Online_Grafik_Schadenfaelle_FR.gif\" alt=\"\">\n\n                <\/div>\n\n                \n\n            <\/div>\n                    <div class=\"figure__container\" style=\"background: #ffffff\">\n                <div class=\"figure__desc\">\n                                    <\/div>\n                \n                <div class=\"figure__img\">\n                    <img decoding=\"async\" src=\"https:\/\/report.branchenversicherung.ch\/2022\/wp-content\/uploads\/sites\/1\/2023\/04\/BV_GB22_Online_Grafik_Praemienentwicklung_FR.gif\" alt=\"\">\n\n                <\/div>\n\n                \n\n            <\/div>\n        \n<\/section>\n\n<\/div>","protected":false},"excerpt":{"rendered":"<p>R\u00e9trospective Chiffres et pr\u00e9visions Retrouverez ici l\u2019essentiel en bref: les chiffres-cl\u00e9s et le compte de r\u00e9sultat d\u2019exploitation en regard des r\u00e9sultats de l\u2019exercice pr\u00e9c\u00e9dent. L\u2019int\u00e9gralit\u00e9 des autres informations et chiffres concernant l\u2019exercice 2022 sont disponibles \u00e0 la rubrique \u00abFinances\u00bb. Sans oublier: Marcel Maier (responsable Vente) l\u00e8ve un coin du voile sur l\u2019avenir. Chiffres-cl\u00e9s Compte de &#8230; <a title=\"Focus\" class=\"read-more\" href=\"https:\/\/report.branchenversicherung.ch\/2022\/fr\/focus\/\" aria-label=\"Plus sur Focus\">Lire plus<\/a><\/p>\n","protected":false},"author":8,"featured_media":0,"parent":0,"menu_order":0,"comment_status":"closed","ping_status":"closed","template":"","meta":[],"acf":[],"_links":{"self":[{"href":"https:\/\/report.branchenversicherung.ch\/2022\/fr\/wp-json\/wp\/v2\/pages\/15543"}],"collection":[{"href":"https:\/\/report.branchenversicherung.ch\/2022\/fr\/wp-json\/wp\/v2\/pages"}],"about":[{"href":"https:\/\/report.branchenversicherung.ch\/2022\/fr\/wp-json\/wp\/v2\/types\/page"}],"author":[{"embeddable":true,"href":"https:\/\/report.branchenversicherung.ch\/2022\/fr\/wp-json\/wp\/v2\/users\/8"}],"replies":[{"embeddable":true,"href":"https:\/\/report.branchenversicherung.ch\/2022\/fr\/wp-json\/wp\/v2\/comments?post=15543"}],"version-history":[{"count":60,"href":"https:\/\/report.branchenversicherung.ch\/2022\/fr\/wp-json\/wp\/v2\/pages\/15543\/revisions"}],"predecessor-version":[{"id":17852,"href":"https:\/\/report.branchenversicherung.ch\/2022\/fr\/wp-json\/wp\/v2\/pages\/15543\/revisions\/17852"}],"wp:attachment":[{"href":"https:\/\/report.branchenversicherung.ch\/2022\/fr\/wp-json\/wp\/v2\/media?parent=15543"}],"curies":[{"name":"wp","href":"https:\/\/api.w.org\/{rel}","templated":true}]}}