{"id":15577,"date":"2023-03-22T20:35:31","date_gmt":"2023-03-22T19:35:31","guid":{"rendered":"https:\/\/report.branchenversicherung.ch\/finanzen\/"},"modified":"2023-05-09T18:25:15","modified_gmt":"2023-05-09T16:25:15","slug":"finanzen","status":"publish","type":"page","link":"https:\/\/report.branchenversicherung.ch\/2022\/fr\/finanzen\/","title":{"rendered":"Finances"},"content":{"rendered":"<div class=\"gb-container gb-container-9fb54b2c alignfull\"><\/div>\n\n<div class=\"gb-container gb-container-305a5cf0\">\n\n<p style=\"margin-bottom: 16px;\">Rapport annuel 2022<\/p>\n\n\n\n<h2 style=\"font-size:54px;font-style:normal;font-weight:700; margin-bottom: 32px; line-height: 64px\">Les chiffres en d\u00e9tail<\/h2>\n\n\n\n<section id=\"StickyDownloader-block_8f4b42cae5883d2063e07f8627b7b476\" class=\"sticky__downloader alignfull sticky__downloader_wrapper\">\n        <div class=\"sticky__downloader_box\">\n        <a target=\"_blank\" href=\"https:\/\/report.branchenversicherung.ch\/2022\/wp-content\/uploads\/sites\/1\/2023\/05\/BV_GB22_Online_Zahlenteil_OR_FR_RZ_Download_Doppel-2.pdf\" class=\"sticky__downloader__container\">\n            <div class=\"sticky__downloader__back\">\n                <svg width=\"198\" height=\"90\" viewBox=\"0 0 198 90\"  preserveAspectRatio=\"none\" fill=\"rgba(255, 255, 255, 0.3)\" xmlns=\"http:\/\/www.w3.org\/2000\/svg\">\n                    <path d=\"M180.109 19H197V89H1.10938V1H179.109V18V19H180.109Z\" stroke=\"#E21E26\" stroke-width=\"2\"\/>\n                    <path d=\"M1.10938 1H179.693L197 18.4124V89H1.10938V1Z\" stroke=\"#E21E26\" stroke-width=\"2\"\/>\n                <\/svg>\n            <\/div>\n            <div class=\"sticky__animation__box\">\n                <div class=\"sticky__animation__box__item_1\">\n                    <p class=\"sticky__downloader__title\">Rapport 2022<\/p>\n\n<p class=\"sticky__downloader__link\">PDF, 2.3 MB<\/p>                <\/div>\n                <div class=\"download__hidden__btn\">\n                    <svg width=\"24\" height=\"24\" viewBox=\"0 0 24 24\" fill=\"none\" xmlns=\"http:\/\/www.w3.org\/2000\/svg\">\n                        <path d=\"M12 2L12 16\" stroke=\"#A20613\" stroke-width=\"2\"\/>\n                        <path d=\"M18.1158 10.0601L12.0601 16.1159L5.99362 10.0601\" stroke=\"#A20613\" stroke-width=\"2\"\/>\n                        <line x1=\"4\" y1=\"20\" x2=\"20\" y2=\"20\" stroke=\"#A20613\" stroke-width=\"2\"\/>\n                    <\/svg>\n                    <p>\n                        Download\n                    <\/p>\n\n                <\/div>\n            <\/div>\n\n        <\/a>\n        <div class=\"sticky__downloader__container_mob\">\n            <svg width=\"52\" height=\"60\" viewBox=\"0 0 52 60\" fill=\"none\" preserveAspectRatio=\"none\" xmlns=\"http:\/\/www.w3.org\/2000\/svg\">\n                <path d=\"M38.35 22.3208H51V59H11V11H37.35V21.3208V22.3208H38.35Z\" stroke=\"#E21E26\" stroke-width=\"2\"\/>\n                <path d=\"M51 59L11 59V11H37.9893L51 21.7906V59Z\" stroke=\"#E21E26\" stroke-width=\"2\"\/>\n                <line x1=\"18.8135\" y1=\"32.3333\" x2=\"40.5085\" y2=\"32.3333\" stroke=\"#E21E26\" stroke-width=\"2\"\/>\n                <line x1=\"18.8135\" y1=\"40.1111\" x2=\"40.5085\" y2=\"40.1111\" stroke=\"#E21E26\" stroke-width=\"2\"\/>\n                <line x1=\"18.8135\" y1=\"47.8889\" x2=\"31.0169\" y2=\"47.8889\" stroke=\"#E21E26\" stroke-width=\"2\"\/>\n                <rect width=\"24\" height=\"24\" fill=\"#E21E26\"\/>\n                <path d=\"M12 5.33333L12 14.6667\" stroke=\"white\" stroke-width=\"1.33333\"\/>\n                <path d=\"M16.0773 10.7067L12.0401 14.7439L7.99579 10.7067\" stroke=\"white\" stroke-width=\"1.33333\"\/>\n                <line x1=\"6.66669\" y1=\"17.3333\" x2=\"17.3334\" y2=\"17.3333\" stroke=\"white\" stroke-width=\"1.33333\"\/>\n            <\/svg>\n\n        <\/div>\n    <\/div>\n\n<\/section>\n\n\n\n\n\n<h3 class=\"wp-block-heading\" style=\"font-size:26px;font-style:normal;font-weight:700\">Vous trouverez ici tous les chiffres du bilan, du compte de r\u00e9sultat, du compte des flux de tr\u00e9sorerie, ainsi que des explications sur la situation financi\u00e8re et plein d\u2019autres informations.<\/h3>\n\n<\/div>\n\n<div class=\"gb-container gb-container-0b119e94\">\n<section id=\"accordionB-block_2518c410deeb83d527eaf9402d8c8d97\" class=\"accordionB container__accordion\">\n  <div class=\"rows__accordion make__accordion\"><p class=\"accordion__title__down\"> <span class=\"acc__head__text\"> Rapport de situation sur le bilan annuel au 31 d\u00e9cembre 2022<\/span><span class=\"icon__accordion__acc\"> <i class=\"fas fa-chevron-down\"><\/i>  <i class=\"fas fa-chevron-up\"><\/i> <\/span><\/p><div class=\"accordion__hidden__shown\"><p>&nbsp;<\/p>\n<p class=\"custom_img_over\"><img decoding=\"async\" class=\"alignnone wp-image-17586 size-full\" src=\"https:\/\/report.branchenversicherung.ch\/wp-content\/uploads\/2023\/05\/BV_GB22_Online_Zahlen_Tabellen_RZ_FR_Lagebericht-scaled.jpg\" alt=\"\" width=\"1668\" height=\"2560\" srcset=\"https:\/\/report.branchenversicherung.ch\/2022\/wp-content\/uploads\/sites\/1\/2023\/05\/BV_GB22_Online_Zahlen_Tabellen_RZ_FR_Lagebericht-scaled.jpg 1668w, https:\/\/report.branchenversicherung.ch\/2022\/wp-content\/uploads\/sites\/1\/2023\/05\/BV_GB22_Online_Zahlen_Tabellen_RZ_FR_Lagebericht-195x300.jpg 195w, https:\/\/report.branchenversicherung.ch\/2022\/wp-content\/uploads\/sites\/1\/2023\/05\/BV_GB22_Online_Zahlen_Tabellen_RZ_FR_Lagebericht-667x1024.jpg 667w, https:\/\/report.branchenversicherung.ch\/2022\/wp-content\/uploads\/sites\/1\/2023\/05\/BV_GB22_Online_Zahlen_Tabellen_RZ_FR_Lagebericht-768x1179.jpg 768w, https:\/\/report.branchenversicherung.ch\/2022\/wp-content\/uploads\/sites\/1\/2023\/05\/BV_GB22_Online_Zahlen_Tabellen_RZ_FR_Lagebericht-1001x1536.jpg 1001w, https:\/\/report.branchenversicherung.ch\/2022\/wp-content\/uploads\/sites\/1\/2023\/05\/BV_GB22_Online_Zahlen_Tabellen_RZ_FR_Lagebericht-1334x2048.jpg 1334w\" sizes=\"(max-width: 1668px) 100vw, 1668px\" \/><\/p>\n<\/div><hr class=\"accordion__separate row__seps\"><\/div><div class=\"rows__accordion make__accordion\"><p class=\"accordion__title__down\"> <span class=\"acc__head__text\"> Demande \u00e0 l&rsquo;Assembl\u00e9e g\u00e9n\u00e9rale et Remarque finale<\/span><span class=\"icon__accordion__acc\"> <i class=\"fas fa-chevron-down\"><\/i>  <i class=\"fas fa-chevron-up\"><\/i> <\/span><\/p><div class=\"accordion__hidden__shown\"><p><img decoding=\"async\" class=\"alignnone wp-image-17568 size-full\" src=\"https:\/\/report.branchenversicherung.ch\/wp-content\/uploads\/2023\/05\/BV_GB22_Online_Zahlen_Tabellen_RZ_FR_AntragGV_Schlussabrechnung.jpg\" alt=\"\" width=\"2333\" height=\"1171\" srcset=\"https:\/\/report.branchenversicherung.ch\/2022\/wp-content\/uploads\/sites\/1\/2023\/05\/BV_GB22_Online_Zahlen_Tabellen_RZ_FR_AntragGV_Schlussabrechnung.jpg 2333w, https:\/\/report.branchenversicherung.ch\/2022\/wp-content\/uploads\/sites\/1\/2023\/05\/BV_GB22_Online_Zahlen_Tabellen_RZ_FR_AntragGV_Schlussabrechnung-300x151.jpg 300w, https:\/\/report.branchenversicherung.ch\/2022\/wp-content\/uploads\/sites\/1\/2023\/05\/BV_GB22_Online_Zahlen_Tabellen_RZ_FR_AntragGV_Schlussabrechnung-1024x514.jpg 1024w, https:\/\/report.branchenversicherung.ch\/2022\/wp-content\/uploads\/sites\/1\/2023\/05\/BV_GB22_Online_Zahlen_Tabellen_RZ_FR_AntragGV_Schlussabrechnung-768x385.jpg 768w, https:\/\/report.branchenversicherung.ch\/2022\/wp-content\/uploads\/sites\/1\/2023\/05\/BV_GB22_Online_Zahlen_Tabellen_RZ_FR_AntragGV_Schlussabrechnung-1536x771.jpg 1536w, https:\/\/report.branchenversicherung.ch\/2022\/wp-content\/uploads\/sites\/1\/2023\/05\/BV_GB22_Online_Zahlen_Tabellen_RZ_FR_AntragGV_Schlussabrechnung-2048x1028.jpg 2048w\" sizes=\"(max-width: 2333px) 100vw, 2333px\" \/><\/p>\n<\/div><hr class=\"accordion__separate row__seps\"><\/div><div class=\"rows__accordion make__accordion\"><p class=\"accordion__title__down\"> <span class=\"acc__head__text\"> Bilan au 31 d\u00e9cembre 2022<\/span><span class=\"icon__accordion__acc\"> <i class=\"fas fa-chevron-down\"><\/i>  <i class=\"fas fa-chevron-up\"><\/i> <\/span><\/p><div class=\"accordion__hidden__shown\"><p><img decoding=\"async\" class=\"alignnone wp-image-17571 size-full\" src=\"https:\/\/report.branchenversicherung.ch\/wp-content\/uploads\/2023\/05\/BV_GB22_Online_Zahlen_Tabellen_RZ_FR_Bilanz-scaled.jpg\" alt=\"\" width=\"1704\" height=\"2560\" srcset=\"https:\/\/report.branchenversicherung.ch\/2022\/wp-content\/uploads\/sites\/1\/2023\/05\/BV_GB22_Online_Zahlen_Tabellen_RZ_FR_Bilanz-scaled.jpg 1704w, https:\/\/report.branchenversicherung.ch\/2022\/wp-content\/uploads\/sites\/1\/2023\/05\/BV_GB22_Online_Zahlen_Tabellen_RZ_FR_Bilanz-200x300.jpg 200w, https:\/\/report.branchenversicherung.ch\/2022\/wp-content\/uploads\/sites\/1\/2023\/05\/BV_GB22_Online_Zahlen_Tabellen_RZ_FR_Bilanz-682x1024.jpg 682w, https:\/\/report.branchenversicherung.ch\/2022\/wp-content\/uploads\/sites\/1\/2023\/05\/BV_GB22_Online_Zahlen_Tabellen_RZ_FR_Bilanz-768x1153.jpg 768w, https:\/\/report.branchenversicherung.ch\/2022\/wp-content\/uploads\/sites\/1\/2023\/05\/BV_GB22_Online_Zahlen_Tabellen_RZ_FR_Bilanz-1023x1536.jpg 1023w, https:\/\/report.branchenversicherung.ch\/2022\/wp-content\/uploads\/sites\/1\/2023\/05\/BV_GB22_Online_Zahlen_Tabellen_RZ_FR_Bilanz-1364x2048.jpg 1364w\" sizes=\"(max-width: 1704px) 100vw, 1704px\" \/><\/p>\n<\/div><hr class=\"accordion__separate row__seps\"><\/div><div class=\"rows__accordion make__accordion\"><p class=\"accordion__title__down\"> <span class=\"acc__head__text\"> Compte de r\u00e9sultat 2022<\/span><span class=\"icon__accordion__acc\"> <i class=\"fas fa-chevron-down\"><\/i>  <i class=\"fas fa-chevron-up\"><\/i> <\/span><\/p><div class=\"accordion__hidden__shown\"><p><img decoding=\"async\" class=\"alignnone wp-image-17577 size-full\" src=\"https:\/\/report.branchenversicherung.ch\/wp-content\/uploads\/2023\/05\/BV_GB22_Online_Zahlen_Tabellen_RZ_FR_Erfolgsrechnung-scaled.jpg\" alt=\"\" width=\"2123\" height=\"2560\" srcset=\"https:\/\/report.branchenversicherung.ch\/2022\/wp-content\/uploads\/sites\/1\/2023\/05\/BV_GB22_Online_Zahlen_Tabellen_RZ_FR_Erfolgsrechnung-scaled.jpg 2123w, https:\/\/report.branchenversicherung.ch\/2022\/wp-content\/uploads\/sites\/1\/2023\/05\/BV_GB22_Online_Zahlen_Tabellen_RZ_FR_Erfolgsrechnung-249x300.jpg 249w, https:\/\/report.branchenversicherung.ch\/2022\/wp-content\/uploads\/sites\/1\/2023\/05\/BV_GB22_Online_Zahlen_Tabellen_RZ_FR_Erfolgsrechnung-849x1024.jpg 849w, https:\/\/report.branchenversicherung.ch\/2022\/wp-content\/uploads\/sites\/1\/2023\/05\/BV_GB22_Online_Zahlen_Tabellen_RZ_FR_Erfolgsrechnung-768x926.jpg 768w, https:\/\/report.branchenversicherung.ch\/2022\/wp-content\/uploads\/sites\/1\/2023\/05\/BV_GB22_Online_Zahlen_Tabellen_RZ_FR_Erfolgsrechnung-1274x1536.jpg 1274w, https:\/\/report.branchenversicherung.ch\/2022\/wp-content\/uploads\/sites\/1\/2023\/05\/BV_GB22_Online_Zahlen_Tabellen_RZ_FR_Erfolgsrechnung-1699x2048.jpg 1699w\" sizes=\"(max-width: 2123px) 100vw, 2123px\" \/><\/p>\n<\/div><hr class=\"accordion__separate row__seps\"><\/div><div class=\"rows__accordion make__accordion\"><p class=\"accordion__title__down\"> <span class=\"acc__head__text\"> Compte des flux de tr\u00e9sorerie<\/span><span class=\"icon__accordion__acc\"> <i class=\"fas fa-chevron-down\"><\/i>  <i class=\"fas fa-chevron-up\"><\/i> <\/span><\/p><div class=\"accordion__hidden__shown\"><p><img decoding=\"async\" class=\"alignnone wp-image-17580 size-full\" src=\"https:\/\/report.branchenversicherung.ch\/wp-content\/uploads\/2023\/05\/BV_GB22_Online_Zahlen_Tabellen_RZ_FR_Geldfluss-scaled.jpg\" alt=\"\" width=\"1819\" height=\"2560\" srcset=\"https:\/\/report.branchenversicherung.ch\/2022\/wp-content\/uploads\/sites\/1\/2023\/05\/BV_GB22_Online_Zahlen_Tabellen_RZ_FR_Geldfluss-scaled.jpg 1819w, https:\/\/report.branchenversicherung.ch\/2022\/wp-content\/uploads\/sites\/1\/2023\/05\/BV_GB22_Online_Zahlen_Tabellen_RZ_FR_Geldfluss-213x300.jpg 213w, https:\/\/report.branchenversicherung.ch\/2022\/wp-content\/uploads\/sites\/1\/2023\/05\/BV_GB22_Online_Zahlen_Tabellen_RZ_FR_Geldfluss-728x1024.jpg 728w, https:\/\/report.branchenversicherung.ch\/2022\/wp-content\/uploads\/sites\/1\/2023\/05\/BV_GB22_Online_Zahlen_Tabellen_RZ_FR_Geldfluss-768x1081.jpg 768w, https:\/\/report.branchenversicherung.ch\/2022\/wp-content\/uploads\/sites\/1\/2023\/05\/BV_GB22_Online_Zahlen_Tabellen_RZ_FR_Geldfluss-1092x1536.jpg 1092w, https:\/\/report.branchenversicherung.ch\/2022\/wp-content\/uploads\/sites\/1\/2023\/05\/BV_GB22_Online_Zahlen_Tabellen_RZ_FR_Geldfluss-1455x2048.jpg 1455w\" sizes=\"(max-width: 1819px) 100vw, 1819px\" \/><\/p>\n<\/div><hr class=\"accordion__separate row__seps\"><\/div><div class=\"rows__accordion make__accordion\"><p class=\"accordion__title__down\"> <span class=\"acc__head__text\"> Annexe au 31 d\u00e9cembre 2022<\/span><span class=\"icon__accordion__acc\"> <i class=\"fas fa-chevron-down\"><\/i>  <i class=\"fas fa-chevron-up\"><\/i> <\/span><\/p><div class=\"accordion__hidden__shown\"><p><img decoding=\"async\" class=\"alignnone wp-image-17562 size-full\" src=\"https:\/\/report.branchenversicherung.ch\/wp-content\/uploads\/2023\/05\/BV_GB22_Online_Zahlen_Tabellen_RZ_FR_Anhang-scaled.jpg\" alt=\"\" width=\"1104\" height=\"2560\" srcset=\"https:\/\/report.branchenversicherung.ch\/2022\/wp-content\/uploads\/sites\/1\/2023\/05\/BV_GB22_Online_Zahlen_Tabellen_RZ_FR_Anhang-scaled.jpg 1104w, https:\/\/report.branchenversicherung.ch\/2022\/wp-content\/uploads\/sites\/1\/2023\/05\/BV_GB22_Online_Zahlen_Tabellen_RZ_FR_Anhang-129x300.jpg 129w, https:\/\/report.branchenversicherung.ch\/2022\/wp-content\/uploads\/sites\/1\/2023\/05\/BV_GB22_Online_Zahlen_Tabellen_RZ_FR_Anhang-442x1024.jpg 442w, https:\/\/report.branchenversicherung.ch\/2022\/wp-content\/uploads\/sites\/1\/2023\/05\/BV_GB22_Online_Zahlen_Tabellen_RZ_FR_Anhang-768x1780.jpg 768w, https:\/\/report.branchenversicherung.ch\/2022\/wp-content\/uploads\/sites\/1\/2023\/05\/BV_GB22_Online_Zahlen_Tabellen_RZ_FR_Anhang-663x1536.jpg 663w\" sizes=\"(max-width: 1104px) 100vw, 1104px\" \/><\/p>\n<\/div><hr class=\"accordion__separate row__seps\"><\/div><div class=\"rows__accordion make__accordion\"><p class=\"accordion__title__down\"> <span class=\"acc__head__text\"> Annexe aux comptes annuels au 31 d\u00e9cembre 2022<\/span><span class=\"icon__accordion__acc\"> <i class=\"fas fa-chevron-down\"><\/i>  <i class=\"fas fa-chevron-up\"><\/i> <\/span><\/p><div class=\"accordion__hidden__shown\"><p><img decoding=\"async\" class=\"alignnone wp-image-17553 size-full\" src=\"https:\/\/report.branchenversicherung.ch\/wp-content\/uploads\/2023\/05\/BV_GB22_Online_Zahlen_Tabellen_RZ_FR_Anhang_Jahresabschluss_01-scaled.jpg\" alt=\"\" width=\"1348\" height=\"2560\" srcset=\"https:\/\/report.branchenversicherung.ch\/2022\/wp-content\/uploads\/sites\/1\/2023\/05\/BV_GB22_Online_Zahlen_Tabellen_RZ_FR_Anhang_Jahresabschluss_01-scaled.jpg 1348w, https:\/\/report.branchenversicherung.ch\/2022\/wp-content\/uploads\/sites\/1\/2023\/05\/BV_GB22_Online_Zahlen_Tabellen_RZ_FR_Anhang_Jahresabschluss_01-158x300.jpg 158w, https:\/\/report.branchenversicherung.ch\/2022\/wp-content\/uploads\/sites\/1\/2023\/05\/BV_GB22_Online_Zahlen_Tabellen_RZ_FR_Anhang_Jahresabschluss_01-539x1024.jpg 539w, https:\/\/report.branchenversicherung.ch\/2022\/wp-content\/uploads\/sites\/1\/2023\/05\/BV_GB22_Online_Zahlen_Tabellen_RZ_FR_Anhang_Jahresabschluss_01-768x1458.jpg 768w, https:\/\/report.branchenversicherung.ch\/2022\/wp-content\/uploads\/sites\/1\/2023\/05\/BV_GB22_Online_Zahlen_Tabellen_RZ_FR_Anhang_Jahresabschluss_01-809x1536.jpg 809w, https:\/\/report.branchenversicherung.ch\/2022\/wp-content\/uploads\/sites\/1\/2023\/05\/BV_GB22_Online_Zahlen_Tabellen_RZ_FR_Anhang_Jahresabschluss_01-1079x2048.jpg 1079w\" sizes=\"(max-width: 1348px) 100vw, 1348px\" \/><\/p>\n<p><img decoding=\"async\" class=\"alignnone wp-image-17556 size-full\" src=\"https:\/\/report.branchenversicherung.ch\/wp-content\/uploads\/2023\/05\/BV_GB22_Online_Zahlen_Tabellen_RZ_FR_Anhang_Jahresabschluss_02-scaled.jpg\" alt=\"\" width=\"1683\" height=\"2560\" srcset=\"https:\/\/report.branchenversicherung.ch\/2022\/wp-content\/uploads\/sites\/1\/2023\/05\/BV_GB22_Online_Zahlen_Tabellen_RZ_FR_Anhang_Jahresabschluss_02-scaled.jpg 1683w, https:\/\/report.branchenversicherung.ch\/2022\/wp-content\/uploads\/sites\/1\/2023\/05\/BV_GB22_Online_Zahlen_Tabellen_RZ_FR_Anhang_Jahresabschluss_02-197x300.jpg 197w, https:\/\/report.branchenversicherung.ch\/2022\/wp-content\/uploads\/sites\/1\/2023\/05\/BV_GB22_Online_Zahlen_Tabellen_RZ_FR_Anhang_Jahresabschluss_02-673x1024.jpg 673w, https:\/\/report.branchenversicherung.ch\/2022\/wp-content\/uploads\/sites\/1\/2023\/05\/BV_GB22_Online_Zahlen_Tabellen_RZ_FR_Anhang_Jahresabschluss_02-768x1168.jpg 768w, https:\/\/report.branchenversicherung.ch\/2022\/wp-content\/uploads\/sites\/1\/2023\/05\/BV_GB22_Online_Zahlen_Tabellen_RZ_FR_Anhang_Jahresabschluss_02-1010x1536.jpg 1010w, https:\/\/report.branchenversicherung.ch\/2022\/wp-content\/uploads\/sites\/1\/2023\/05\/BV_GB22_Online_Zahlen_Tabellen_RZ_FR_Anhang_Jahresabschluss_02-1347x2048.jpg 1347w\" sizes=\"(max-width: 1683px) 100vw, 1683px\" \/><\/p>\n<p><img decoding=\"async\" class=\"alignnone wp-image-17726 size-full\" src=\"https:\/\/report.branchenversicherung.ch\/wp-content\/uploads\/2023\/05\/BV_GB22_Online_Zahlen_Tabellen_RZ_FR_Anhang_Jahresabschluss_03-1-scaled.jpg\" alt=\"\" width=\"1722\" height=\"2560\" srcset=\"https:\/\/report.branchenversicherung.ch\/2022\/wp-content\/uploads\/sites\/1\/2023\/05\/BV_GB22_Online_Zahlen_Tabellen_RZ_FR_Anhang_Jahresabschluss_03-1-scaled.jpg 1722w, https:\/\/report.branchenversicherung.ch\/2022\/wp-content\/uploads\/sites\/1\/2023\/05\/BV_GB22_Online_Zahlen_Tabellen_RZ_FR_Anhang_Jahresabschluss_03-1-202x300.jpg 202w, https:\/\/report.branchenversicherung.ch\/2022\/wp-content\/uploads\/sites\/1\/2023\/05\/BV_GB22_Online_Zahlen_Tabellen_RZ_FR_Anhang_Jahresabschluss_03-1-689x1024.jpg 689w, https:\/\/report.branchenversicherung.ch\/2022\/wp-content\/uploads\/sites\/1\/2023\/05\/BV_GB22_Online_Zahlen_Tabellen_RZ_FR_Anhang_Jahresabschluss_03-1-768x1142.jpg 768w, https:\/\/report.branchenversicherung.ch\/2022\/wp-content\/uploads\/sites\/1\/2023\/05\/BV_GB22_Online_Zahlen_Tabellen_RZ_FR_Anhang_Jahresabschluss_03-1-1033x1536.jpg 1033w, https:\/\/report.branchenversicherung.ch\/2022\/wp-content\/uploads\/sites\/1\/2023\/05\/BV_GB22_Online_Zahlen_Tabellen_RZ_FR_Anhang_Jahresabschluss_03-1-1377x2048.jpg 1377w\" sizes=\"(max-width: 1722px) 100vw, 1722px\" \/><\/p>\n<\/div><hr class=\"accordion__separate row__seps\"><\/div><div class=\"rows__accordion make__accordion\"><p class=\"accordion__title__down\"> <span class=\"acc__head__text\"> Proposition concernant l&#8217;emploi du b\u00e9n\u00e9fice au bilan au 31 d\u00e9cembre 2022<\/span><span class=\"icon__accordion__acc\"> <i class=\"fas fa-chevron-down\"><\/i>  <i class=\"fas fa-chevron-up\"><\/i> <\/span><\/p><div class=\"accordion__hidden__shown\"><p><img decoding=\"async\" class=\"alignnone wp-image-17565 size-full\" src=\"https:\/\/report.branchenversicherung.ch\/wp-content\/uploads\/2023\/05\/BV_GB22_Online_Zahlen_Tabellen_RZ_FR_Antrag.jpg\" alt=\"\" width=\"2333\" height=\"1463\" srcset=\"https:\/\/report.branchenversicherung.ch\/2022\/wp-content\/uploads\/sites\/1\/2023\/05\/BV_GB22_Online_Zahlen_Tabellen_RZ_FR_Antrag.jpg 2333w, https:\/\/report.branchenversicherung.ch\/2022\/wp-content\/uploads\/sites\/1\/2023\/05\/BV_GB22_Online_Zahlen_Tabellen_RZ_FR_Antrag-300x188.jpg 300w, https:\/\/report.branchenversicherung.ch\/2022\/wp-content\/uploads\/sites\/1\/2023\/05\/BV_GB22_Online_Zahlen_Tabellen_RZ_FR_Antrag-1024x642.jpg 1024w, https:\/\/report.branchenversicherung.ch\/2022\/wp-content\/uploads\/sites\/1\/2023\/05\/BV_GB22_Online_Zahlen_Tabellen_RZ_FR_Antrag-768x482.jpg 768w, https:\/\/report.branchenversicherung.ch\/2022\/wp-content\/uploads\/sites\/1\/2023\/05\/BV_GB22_Online_Zahlen_Tabellen_RZ_FR_Antrag-1536x963.jpg 1536w, https:\/\/report.branchenversicherung.ch\/2022\/wp-content\/uploads\/sites\/1\/2023\/05\/BV_GB22_Online_Zahlen_Tabellen_RZ_FR_Antrag-2048x1284.jpg 2048w\" sizes=\"(max-width: 2333px) 100vw, 2333px\" \/><\/p>\n<\/div><hr class=\"accordion__separate row__seps\"><\/div><div class=\"rows__accordion make__accordion\"><p class=\"accordion__title__down\"> <span class=\"acc__head__text\"> Rapport de l&rsquo;organe de r\u00e9vision<\/span><span class=\"icon__accordion__acc\"> <i class=\"fas fa-chevron-down\"><\/i>  <i class=\"fas fa-chevron-up\"><\/i> <\/span><\/p><div class=\"accordion__hidden__shown\"><p><img decoding=\"async\" class=\"alignnone wp-image-17774 size-full\" src=\"https:\/\/report.branchenversicherung.ch\/wp-content\/uploads\/2023\/05\/BV_GB22_Online_Zahlen_Tabellen_RZ_FR_Revisionsstelle-2-scaled.jpg\" alt=\"\" width=\"1555\" height=\"2560\" srcset=\"https:\/\/report.branchenversicherung.ch\/2022\/wp-content\/uploads\/sites\/1\/2023\/05\/BV_GB22_Online_Zahlen_Tabellen_RZ_FR_Revisionsstelle-2-scaled.jpg 1555w, https:\/\/report.branchenversicherung.ch\/2022\/wp-content\/uploads\/sites\/1\/2023\/05\/BV_GB22_Online_Zahlen_Tabellen_RZ_FR_Revisionsstelle-2-182x300.jpg 182w, https:\/\/report.branchenversicherung.ch\/2022\/wp-content\/uploads\/sites\/1\/2023\/05\/BV_GB22_Online_Zahlen_Tabellen_RZ_FR_Revisionsstelle-2-622x1024.jpg 622w, https:\/\/report.branchenversicherung.ch\/2022\/wp-content\/uploads\/sites\/1\/2023\/05\/BV_GB22_Online_Zahlen_Tabellen_RZ_FR_Revisionsstelle-2-768x1264.jpg 768w, https:\/\/report.branchenversicherung.ch\/2022\/wp-content\/uploads\/sites\/1\/2023\/05\/BV_GB22_Online_Zahlen_Tabellen_RZ_FR_Revisionsstelle-2-933x1536.jpg 933w, https:\/\/report.branchenversicherung.ch\/2022\/wp-content\/uploads\/sites\/1\/2023\/05\/BV_GB22_Online_Zahlen_Tabellen_RZ_FR_Revisionsstelle-2-1244x2048.jpg 1244w\" sizes=\"(max-width: 1555px) 100vw, 1555px\" \/><\/p>\n<\/div><hr class=\"accordion__separate row__seps\"><\/div><\/section>\n\n<\/div>\n\n<div class=\"gb-container gb-container-4c8c1154\">\n<section id=\"CustomDownloads-block_525fd87650445025b73ef11875a6a93a\" class=\"Custom__Downloads container__accordion\">\n    <div class=\"rows__accordion make__accordion__down\"><h2 class=\"accordion__title__down\"> <span class=\"acc__head__text\"> Downloads<\/span><span class=\"icon__accordion__acc\"> <i class=\"fas fa-chevron-down\"><\/i>  <i class=\"fas fa-chevron-up\"><\/i> <\/span><\/h2><div class=\"accordion__hidden__shown\"><a target=\"_blank\" href=\"https:\/\/report.branchenversicherung.ch\/2022\/wp-content\/uploads\/sites\/1\/2023\/05\/BV_GB22_Online_Zahlenteil_OR_FR_RZ_Download_Doppel-2.pdf\" class=\"custom__download__item__box\"><p>Rapport annuel 2022<\/p><p>PDF (2,3 MB)<\/p><\/a><\/div><hr class=\"accordion__separate row__seps\"><\/div><\/section>\n\n<\/div>","protected":false},"excerpt":{"rendered":"<p>Rapport annuel 2022 Les chiffres en d\u00e9tail Vous trouverez ici tous les chiffres du bilan, du compte de r\u00e9sultat, du compte des flux de tr\u00e9sorerie, ainsi que des explications sur la situation financi\u00e8re et plein d\u2019autres informations.<\/p>\n","protected":false},"author":8,"featured_media":0,"parent":0,"menu_order":0,"comment_status":"closed","ping_status":"closed","template":"","meta":[],"acf":[],"_links":{"self":[{"href":"https:\/\/report.branchenversicherung.ch\/2022\/fr\/wp-json\/wp\/v2\/pages\/15577"}],"collection":[{"href":"https:\/\/report.branchenversicherung.ch\/2022\/fr\/wp-json\/wp\/v2\/pages"}],"about":[{"href":"https:\/\/report.branchenversicherung.ch\/2022\/fr\/wp-json\/wp\/v2\/types\/page"}],"author":[{"embeddable":true,"href":"https:\/\/report.branchenversicherung.ch\/2022\/fr\/wp-json\/wp\/v2\/users\/8"}],"replies":[{"embeddable":true,"href":"https:\/\/report.branchenversicherung.ch\/2022\/fr\/wp-json\/wp\/v2\/comments?post=15577"}],"version-history":[{"count":39,"href":"https:\/\/report.branchenversicherung.ch\/2022\/fr\/wp-json\/wp\/v2\/pages\/15577\/revisions"}],"predecessor-version":[{"id":17824,"href":"https:\/\/report.branchenversicherung.ch\/2022\/fr\/wp-json\/wp\/v2\/pages\/15577\/revisions\/17824"}],"wp:attachment":[{"href":"https:\/\/report.branchenversicherung.ch\/2022\/fr\/wp-json\/wp\/v2\/media?parent=15577"}],"curies":[{"name":"wp","href":"https:\/\/api.w.org\/{rel}","templated":true}]}}