{"id":6771,"date":"2021-11-23T10:20:58","date_gmt":"2021-11-23T09:20:58","guid":{"rendered":"https:\/\/report.branchenversicherung.ch\/accueil\/"},"modified":"2023-05-09T18:32:51","modified_gmt":"2023-05-09T16:32:51","slug":"accueil","status":"publish","type":"page","link":"https:\/\/report.branchenversicherung.ch\/2022\/fr\/","title":{"rendered":"Accueil"},"content":{"rendered":"<div class=\"gb-container gb-container-58c93c79 header__back-1\"><div class=\"gb-inside-container\">\n<div class=\"gb-container gb-container-35da74dd\"><div class=\"gb-inside-container\">\n\n<h4 class=\"gb-headline gb-headline-f0b89d2a gb-headline-text\"><\/h4>\n\n\n<div class=\"gb-grid-wrapper gb-grid-wrapper-94dcf4fc\">\n<div class=\"gb-grid-column gb-grid-column-aa01839b\"><div class=\"gb-container gb-container-aa01839b\"><div class=\"gb-inside-container\">\n\n<h1 class=\"gb-headline gb-headline-a8acca8f gb-headline-text\">Rapport 2022<\/h1>\n\n<\/div><\/div><\/div>\n<\/div>\n<\/div><\/div>\n<\/div><\/div>\n\n<div class=\"gb-container gb-container-e87c229f\"><div class=\"gb-inside-container\">\n\n<p style=\"margin-bottom: 16px;\">L&rsquo;exercice 2022 de l&rsquo;Assurance des m\u00e9tiers<\/p>\n\n\n\n<h2 style=\"font-size:54px;font-style:normal;font-weight:700; line-height: 64px; margin-bottom: 32px;\">Notre premi\u00e8re r\u00e9trospective annuelle au format num\u00e9rique<\/h2>\n\n\n\n<section id=\"StickyDownloader-block_35b453692f00ea6e6165aaf7c89b6799\" class=\"sticky__downloader alignfull sticky__downloader_wrapper\">\n        <div class=\"sticky__downloader_box\">\n        <a target=\"_blank\" href=\"https:\/\/report.branchenversicherung.ch\/2022\/wp-content\/uploads\/sites\/1\/2023\/05\/BV_GB22_Online_Zahlenteil_OR_FR_RZ_Download_Doppel-2.pdf\" class=\"sticky__downloader__container\">\n            <div class=\"sticky__downloader__back\">\n                <svg width=\"198\" height=\"90\" viewBox=\"0 0 198 90\"  preserveAspectRatio=\"none\" fill=\"rgba(255, 255, 255, 0.3)\" xmlns=\"http:\/\/www.w3.org\/2000\/svg\">\n                    <path d=\"M180.109 19H197V89H1.10938V1H179.109V18V19H180.109Z\" stroke=\"#E21E26\" stroke-width=\"2\"\/>\n                    <path d=\"M1.10938 1H179.693L197 18.4124V89H1.10938V1Z\" stroke=\"#E21E26\" stroke-width=\"2\"\/>\n                <\/svg>\n            <\/div>\n            <div class=\"sticky__animation__box\">\n                <div class=\"sticky__animation__box__item_1\">\n                    <p class=\"sticky__downloader__title\">Rapport 2022<\/p>\n\n<p class=\"sticky__downloader__link\">PDF, 2.3 MB<\/p>                <\/div>\n                <div class=\"download__hidden__btn\">\n                    <svg width=\"24\" height=\"24\" viewBox=\"0 0 24 24\" fill=\"none\" xmlns=\"http:\/\/www.w3.org\/2000\/svg\">\n                        <path d=\"M12 2L12 16\" stroke=\"#A20613\" stroke-width=\"2\"\/>\n                        <path d=\"M18.1158 10.0601L12.0601 16.1159L5.99362 10.0601\" stroke=\"#A20613\" stroke-width=\"2\"\/>\n                        <line x1=\"4\" y1=\"20\" x2=\"20\" y2=\"20\" stroke=\"#A20613\" stroke-width=\"2\"\/>\n                    <\/svg>\n                    <p>\n                        Download\n                    <\/p>\n\n                <\/div>\n            <\/div>\n\n        <\/a>\n        <div class=\"sticky__downloader__container_mob\">\n            <svg width=\"52\" height=\"60\" viewBox=\"0 0 52 60\" fill=\"none\" preserveAspectRatio=\"none\" xmlns=\"http:\/\/www.w3.org\/2000\/svg\">\n                <path d=\"M38.35 22.3208H51V59H11V11H37.35V21.3208V22.3208H38.35Z\" stroke=\"#E21E26\" stroke-width=\"2\"\/>\n                <path d=\"M51 59L11 59V11H37.9893L51 21.7906V59Z\" stroke=\"#E21E26\" stroke-width=\"2\"\/>\n                <line x1=\"18.8135\" y1=\"32.3333\" x2=\"40.5085\" y2=\"32.3333\" stroke=\"#E21E26\" stroke-width=\"2\"\/>\n                <line x1=\"18.8135\" y1=\"40.1111\" x2=\"40.5085\" y2=\"40.1111\" stroke=\"#E21E26\" stroke-width=\"2\"\/>\n                <line x1=\"18.8135\" y1=\"47.8889\" x2=\"31.0169\" y2=\"47.8889\" stroke=\"#E21E26\" stroke-width=\"2\"\/>\n                <rect width=\"24\" height=\"24\" fill=\"#E21E26\"\/>\n                <path d=\"M12 5.33333L12 14.6667\" stroke=\"white\" stroke-width=\"1.33333\"\/>\n                <path d=\"M16.0773 10.7067L12.0401 14.7439L7.99579 10.7067\" stroke=\"white\" stroke-width=\"1.33333\"\/>\n                <line x1=\"6.66669\" y1=\"17.3333\" x2=\"17.3334\" y2=\"17.3333\" stroke=\"white\" stroke-width=\"1.33333\"\/>\n            <\/svg>\n\n        <\/div>\n    <\/div>\n\n<\/section>\n\n\n\n\n\n<h3 style=\"font-size:26px;font-style:normal;font-weight:700; \">Bienvenue en ligne \u00e0 l\u2019occasion de la publication de notre premier rapport annuel num\u00e9rique! Offrez-vous un tour d\u2019horizon des activit\u00e9s de l\u2019Assurance des m\u00e9tiers qui ont jalonn\u00e9 l\u2019exercice 2022, levez un coin du voile sur notre univers de travail et d\u00e9couvrez nos missions d\u2019aujourd\u2019hui et de demain.<\/h3>\n\n<\/div><\/div>\n\n<div class=\"gb-container gb-container-bf382108\"><div class=\"gb-inside-container\">\n\n<section id=\"VideoCards-block_e52169cda8cb82ec07d4b1287daac808\" class=\"video__cards video__cards_wrapper\">\n        <div class=\"video__card__container\">\n        <div class=\"card__video__box\">\n            <div class=\"video__cover\">\n                <img decoding=\"async\" src=\"https:\/\/report.branchenversicherung.ch\/2022\/wp-content\/uploads\/sites\/1\/2023\/04\/BV_GB22_Online_Video_Daniel_Stettler_2176x1224px_SW-1024x577.jpg\" alt=\"\">\n            <\/div>\n            <div class=\"video__button\"><\/div>\n            <video controls=\"controls\" src=\"https:\/\/report.branchenversicherung.ch\/2022\/wp-content\/uploads\/sites\/1\/2023\/04\/Daniel_Stettler.mp4\"><\/video>\n        <\/div>\n        <div class=\"card__video__desc\">\n            <div class=\"video__desc__container\">\n                <p class=\"desc__post\">CEO<\/p>\n                <p class=\"desc__name\"><b>Daniel Stettler<\/b><\/p>\n                <div class=\"video__desc__desc\"><p>&nbsp;<\/p>\n<p>\u00ab\u00a0Quel a \u00e9t\u00e9, selon moi, le point fort du dernier exercice ? Tr\u00e8s clairement, notre 120e anniversaire. Je pense que de nos jours, lorsqu&rsquo;une PME f\u00eate ses 120 ans, cela t\u00e9moigne d&rsquo;une certaine continuit\u00e9. En outre, nous avons pu prendre solennellement cong\u00e9 d&rsquo;Ueli Gerber, apr\u00e8s 20 ans de pr\u00e9sidence m\u00e9ritoire du Conseil d&rsquo;administration, pour une retraite bien m\u00e9rit\u00e9e. Avec Yves Gyr, c&rsquo;est une nouvelle \u00e8re qui commence.<\/p>\n<p>&nbsp;<\/p>\n<p>Ce qu&rsquo;il convient \u00e9galement de mentionner de mon point de vue, c&rsquo;est l&rsquo;arriv\u00e9e d&rsquo;Andreas Zaugg. Il dirige le secteur \u00ab\u00a0Operations\u00a0\u00bb en tant que membre de la direction. Avec lui, nous avons r\u00e9ussi \u00e0 faire venir un crack absolu qui s&rsquo;int\u00e8gre parfaitement dans notre \u00e9quipe.<\/p>\n<p>&nbsp;<\/p>\n<p>Quel est pour moi le point fort de l&rsquo;exercice actuel ?<\/p>\n<p>Nous nous concentrons sur nos th\u00e8mes strat\u00e9giques, que nous sommes en train de remanier pour que nous puissions continuer \u00e0 exister \u00e0 l&rsquo;avenir. Et en combinaison avec cela, bien s\u00fbr, les d\u00e9fis de la transformation num\u00e9rique, dans laquelle nous faisons de tr\u00e8s grands pas en avant.<\/p>\n<p>&nbsp;<\/p>\n<p>Pour moi personnellement, il est tr\u00e8s important que nous puissions nous positionner en tant qu&#8217;employeur de mani\u00e8re \u00e0 ce qu&rsquo;il soit agr\u00e9able de travailler chez nous, que nous ayons des personnes motiv\u00e9es qui puissent s&rsquo;identifier \u00e0 la marque. \u00bb<\/p>\n<\/div>\n                <div class=\"desc__button\">\n                    <svg width=\"14\" height=\"9\" viewBox=\"0 0 14 9\" fill=\"none\" xmlns=\"http:\/\/www.w3.org\/2000\/svg\">\n                        <path d=\"M13 1L6.94424 7.05579L0.877777 0.999999\" stroke=\"#E21E26\" stroke-width=\"2\"\/>\n                    <\/svg>\n                <\/div>\n\n\n            <\/div>\n\n        <\/div>\n\n\n    <\/div>\n\n        <div class=\"video__card__container\">\n        <div class=\"card__video__box\">\n            <div class=\"video__cover\">\n                <img decoding=\"async\" src=\"https:\/\/report.branchenversicherung.ch\/2022\/wp-content\/uploads\/sites\/1\/2023\/04\/BV_GB22_Online_Video_Marcel_Maier_2176x1224px_SW-1024x577.jpg\" alt=\"\">\n            <\/div>\n            <div class=\"video__button\"><\/div>\n            <video controls=\"controls\" src=\"https:\/\/report.branchenversicherung.ch\/2022\/wp-content\/uploads\/sites\/1\/2023\/04\/Marcel_Maier_FR.mp4\"><\/video>\n        <\/div>\n        <div class=\"card__video__desc\">\n            <div class=\"video__desc__container\">\n                <p class=\"desc__post\">Responsable des ventes<\/p>\n                <p class=\"desc__name\"><b>Marcel Maier<\/b><\/p>\n                <div class=\"video__desc__desc\"><p>&nbsp;<\/p>\n<p>\u00ab\u00a0Il y a encore beaucoup d&rsquo;indices qui montrent que le ph\u00e9nom\u00e8ne Corona est tr\u00e8s pr\u00e9sent et que certains de nos clients continuent \u00e0 lutter contre ce ph\u00e9nom\u00e8ne. Pour eux, la crise n&rsquo;est pas encore tout \u00e0 fait termin\u00e9e.<\/p>\n<p>&nbsp;<\/p>\n<p>En tant qu&rsquo;assureur de niche, nous sommes particuli\u00e8rement sp\u00e9cialis\u00e9s dans les assurances de personnes et nous voulons \u00eatre et rester le bon interlocuteur pour tous nos clients dans ce segment.<\/p>\n<p>&nbsp;<\/p>\n<p>C&rsquo;est pour cette raison que nous avons f\u00eat\u00e9 l&rsquo;ann\u00e9e derni\u00e8re notre 120e anniversaire, ce qui me remplit de fiert\u00e9. Nous avons un service externe sans commission qui travaille tr\u00e8s bien, nous avons un service des sinistres qui \u00ab\u00a0fonctionne\u00a0\u00bb tous les jours, ce qui nous permet de fournir les meilleurs services possibles \u00e0 nos clients.<\/p>\n<p>&nbsp;<\/p>\n<p>Les partenariats avec les courtiers sont tr\u00e8s importants pour nous ; nous continuerons \u00e0 investir beaucoup dans ce canal et \u00e0 d\u00e9velopper les partenariats en permanence. Renforcer les ressources internes en fait \u00e9galement partie, tout comme investir de mani\u00e8re cibl\u00e9e dans le savoir-faire des collaborateurs. \u00bb<\/p>\n<\/div>\n                <div class=\"desc__button\">\n                    <svg width=\"14\" height=\"9\" viewBox=\"0 0 14 9\" fill=\"none\" xmlns=\"http:\/\/www.w3.org\/2000\/svg\">\n                        <path d=\"M13 1L6.94424 7.05579L0.877777 0.999999\" stroke=\"#E21E26\" stroke-width=\"2\"\/>\n                    <\/svg>\n                <\/div>\n\n\n            <\/div>\n\n        <\/div>\n\n\n    <\/div>\n\n        <div class=\"video__card__container\">\n        <div class=\"card__video__box\">\n            <div class=\"video__cover\">\n                <img decoding=\"async\" src=\"https:\/\/report.branchenversicherung.ch\/2022\/wp-content\/uploads\/sites\/1\/2023\/04\/BV_GB22_Online_Video_Mario_Lubini_2176x1224px_SW-1024x577.jpg\" alt=\"\">\n            <\/div>\n            <div class=\"video__button\"><\/div>\n            <video controls=\"controls\" src=\"https:\/\/report.branchenversicherung.ch\/2022\/wp-content\/uploads\/sites\/1\/2023\/04\/Mario_Lubini_FR.mp4\"><\/video>\n        <\/div>\n        <div class=\"card__video__desc\">\n            <div class=\"video__desc__container\">\n                <p class=\"desc__post\">Responsable assurances<\/p>\n                <p class=\"desc__name\"><b>Mario Lubini<\/b><\/p>\n                <div class=\"video__desc__desc\"><p>&nbsp;<\/p>\n<p>\u00ab\u00a0L&rsquo;ann\u00e9e derni\u00e8re a malheureusement \u00e9t\u00e9 marqu\u00e9e tr\u00e8s t\u00f4t par deux graves accidents de la circulation. En outre, la charge des sinistres dans l&rsquo;assurance d&rsquo;indemnit\u00e9s journali\u00e8res en cas de maladie est rest\u00e9e \u00e0 un niveau \u00e9lev\u00e9, ce qui repr\u00e9sente un grand d\u00e9fi tant pour nous que pour nos clients.<\/p>\n<p>C&rsquo;est gr\u00e2ce \u00e0 l&rsquo;engagement exceptionnel de toute l&rsquo;\u00e9quipe que nous avons r\u00e9ussi \u00e0 obtenir un r\u00e9sultat actuariel solide malgr\u00e9 ces d\u00e9fis. Je suis tr\u00e8s fier de cette performance.<\/p>\n<p>&nbsp;<\/p>\n<p>Pour 2023, nous nous concentrerons sur la rentabilit\u00e9 mentionn\u00e9e dans l&rsquo;assurance d&rsquo;indemnit\u00e9s journali\u00e8res en cas de maladie. Nous voulons \u00e9galement r\u00e9ussir \u00e0 l&rsquo;avenir dans ce domaine. En outre, l&rsquo;introduction d&rsquo;un nouveau syst\u00e8me central nous permettra d&rsquo;optimiser et de num\u00e9riser davantage nos processus afin d&rsquo;offrir un service encore meilleur \u00e0 nos clients. \u00bb<\/p>\n<\/div>\n                <div class=\"desc__button\">\n                    <svg width=\"14\" height=\"9\" viewBox=\"0 0 14 9\" fill=\"none\" xmlns=\"http:\/\/www.w3.org\/2000\/svg\">\n                        <path d=\"M13 1L6.94424 7.05579L0.877777 0.999999\" stroke=\"#E21E26\" stroke-width=\"2\"\/>\n                    <\/svg>\n                <\/div>\n\n\n            <\/div>\n\n        <\/div>\n\n\n    <\/div>\n\n        <div class=\"video__card__container\">\n        <div class=\"card__video__box\">\n            <div class=\"video__cover\">\n                <img decoding=\"async\" src=\"https:\/\/report.branchenversicherung.ch\/2022\/wp-content\/uploads\/sites\/1\/2023\/04\/BV_GB22_Online_Video_Andreas_Zaugg_2176x1224px_SW-1024x577.jpg\" alt=\"\">\n            <\/div>\n            <div class=\"video__button\"><\/div>\n            <video controls=\"controls\" src=\"https:\/\/report.branchenversicherung.ch\/2022\/wp-content\/uploads\/sites\/1\/2023\/04\/Andreas-Zaugg.mp4\"><\/video>\n        <\/div>\n        <div class=\"card__video__desc\">\n            <div class=\"video__desc__container\">\n                <p class=\"desc__post\">COO<\/p>\n                <p class=\"desc__name\"><b>Andreas Zaugg<\/b><\/p>\n                <div class=\"video__desc__desc\"><p>&nbsp;<\/p>\n<p>\u00ab 2022 a \u00e9t\u00e9 une ann\u00e9e \u00e0 succ\u00e8s en terme d\u2019augmentation des primes et d\u2019acquisition de nouveaux clients. Environ 2\/3 de cette augmentation des primes provient du segment des assurances accident, qui est le segment phare de longue date de notre assurance.<\/p>\n<p>&nbsp;<\/p>\n<p>Nous sommes contents en m\u00eame temps d\u2019avoir pu augmenter la rentabilit\u00e9 de nos produits, ce qui a permis d\u2019atteindre nos objectifs op\u00e9rationnels.<\/p>\n<p>&nbsp;<\/p>\n<p>En revanche, le march\u00e9 des capitaux a enregistr\u00e9 des pertes historiques en 2022 avec les activit\u00e9s de guerre en Ukraine, le retour de l\u2019inflation et avec ceci, la hausse des taux d\u2019int\u00e9r\u00eats. Ces effets n\u00e9gatifs ont \u00e9galement fortement impact\u00e9 l\u2019Assurance des m\u00e9tiers, ce qui a d\u00e9favorablement influenc\u00e9 le r\u00e9sultat annuel, qui cumule \u00e0 une perte d\u2019environ un demi-million de francs.<\/p>\n<p>&nbsp;<\/p>\n<p>Malgr\u00e9 ce r\u00e9sultat n\u00e9gatif, nous sommes tr\u00e8s satisfaits de nos activit\u00e9s op\u00e9rationnelles et restons confiants pour l\u2019avenir de notre entreprise. \u00bb<\/p>\n<\/div>\n                <div class=\"desc__button\">\n                    <svg width=\"14\" height=\"9\" viewBox=\"0 0 14 9\" fill=\"none\" xmlns=\"http:\/\/www.w3.org\/2000\/svg\">\n                        <path d=\"M13 1L6.94424 7.05579L0.877777 0.999999\" stroke=\"#E21E26\" stroke-width=\"2\"\/>\n                    <\/svg>\n                <\/div>\n\n\n            <\/div>\n\n        <\/div>\n\n\n    <\/div>\n\n    \n<\/section>\n\n<\/div><\/div>\n\n<div class=\"gb-container gb-container-5466e0bb custom__back__1\"><div class=\"gb-inside-container\"><\/div><\/div>\n\n<div class=\"gb-container gb-container-7cd844d0\"><div class=\"gb-inside-container\">\n\n<p style=\"font-size:18px; margin-bottom: 16px;\">Pr\u00e9ambule du Pr\u00e9sident<\/p>\n\n\n\n<h2 class=\"wp-block-heading\" style=\"font-size:54px;font-style:normal;font-weight:700\">Avoir confiance dans nos forces<\/h2>\n\n<\/div><\/div>\n\n<div class=\"gb-container gb-container-30e7e3a4\"><div class=\"gb-inside-container\">\n\n<section id=\"CustomOverflowText-block_d43ba2b41ea27bcb3dbfbdc8290b7a1c\" class=\"overflow__text custom__overflow_wrapper\">\n            <div class=\"custom__overflow__desc hidden\" >\n            <p>D\u00e9but juin 2022, j\u2019ai \u00e9t\u00e9 \u00e9lu Pr\u00e9sident du conseil d\u2019administration (CA) de la Coop\u00e9rative d\u2019assurance des m\u00e9tiers et eu ainsi le grand honneur de succ\u00e9der \u00e0 notre Pr\u00e9sident d\u2019honneur Ueli Gerber. J\u2019en con\u00e7ois une profonde gratitude et ressens comme un privil\u00e8ge le fait d\u2019\u00eatre \u00e0 la t\u00eate d\u2019un conseil d\u2019administration aguerri, d\u2019une direction dynamique et d\u2019une \u00e9quipe motiv\u00e9e. L\u2019id\u00e9e de pouvoir contribuer \u00e0 tracer l\u2019avenir de notre coop\u00e9rative m\u2019exalte et me conforte dans la conviction qu\u2019il est riche de promesses.<\/p>\n<p>&nbsp;<\/p>\n<p>L\u2019une des raisons pour lesquelles je suis honor\u00e9 de prendre toute ma part dans cette entreprise est l\u2019esprit familial et respectueux que nous y cultivons. Nous nous estimons les uns les autres et faisons preuve d\u2019une grande confiance mutuelle. Nous communiquons dans la transparence et la franchise, tant au sein de l\u2019entreprise qu\u2019avec nos clientes et clients. \u00c0 mes yeux, ces valeurs comptent autant en qualit\u00e9 que pr\u00e9sident du CA qu\u2019en tant qu\u2019individu. Elles nous rendent uniques, surtout \u00e0 une \u00e9poque o\u00f9 de telles valeurs se font rares. Si nous parvenons \u00e0 pr\u00e9server nos valeurs et \u00e0 les conjuguer \u00e0 notre formidable esprit d\u2019\u00e9quipe, nous aurons d\u00e9j\u00e0 accompli de grandes choses.<\/p>\n<p>&nbsp;<\/p>\n<p>Je suis fier que nous ayons pu achever l\u2019ann\u00e9e du jubil\u00e9 2022 sur un r\u00e9sultat solide malgr\u00e9 un contexte difficile marqu\u00e9 des d\u00e9fis de taille. Demain encore, nous auront d\u2019autres \u00e0 relever, mais notre objectif est de consolider notre assise financi\u00e8re afin d\u2019\u00eatre par\u00e9s au mieux pour affronter les crises \u00e0 venir. J\u2019ai confiance en nos capacit\u00e9s et en ce qui nous distingue: nos excellentes solutions d\u2019assurance, notre remarquables prestations de conseil et l\u2019\u00e9quipe de choc que nous formons. C\u2019est pr\u00e9cis\u00e9ment \u00e0 cette \u00e9quipe que nous tenons \u00e0 d\u00e9dier le pr\u00e9sent rapport annuel 2022.<br \/>\nPour l\u2019exercice 2023, nous tablons sur une croissance saine et substantielle. Nous allons poursuivre l\u2019am\u00e9lioration de notre offre de services \u00e0 la client\u00e8le. Notre objectif est de consolider notre r\u00e9putation d\u2019employeur moderne et dynamique. En tant que PME, nous sommes fiers d\u2019attirer et de fid\u00e9liser des professionnels motiv\u00e9s.<\/p>\n<p>&nbsp;<\/p>\n<p>Je profite de l\u2019occasion pour remercier toutes celles et tous ceux qui n\u2019ont jamais cess\u00e9 de me soutenir dans mon nouveau r\u00f4le de pr\u00e9sident du CA. Je tiens \u00e0 remercier tout particuli\u00e8rement mes coll\u00e8gues du Conseil d\u2019administration et de la direction ainsi que toute l\u2019\u00e9quipe d\u2019AM pour la performance exceptionnelle qu\u2019ils ont livr\u00e9e au cours de l\u2019exercice 2022. Je suis fier de tenir les r\u00eanes de cette entreprise, car je sais que je peux compter sur chacune et chacun d\u2019entre vous.<\/p>\n<p>&nbsp;<\/p>\n<p>Yves Gyr<\/p>\n<p>Pr\u00e9sident du conseil d\u2019administration<\/p>\n        <\/div>\n        <div class=\"custom__overflow__button\">\n            <div class=\"buttom__overlay\"><\/div>\n            <p>Lire la suite<\/p>\n            <svg width=\"24\" height=\"24\" viewBox=\"0 0 24 24\" fill=\"none\" xmlns=\"http:\/\/www.w3.org\/2000\/svg\">\n                <path d=\"M3 12L21 12\" stroke=\"#E21E26\" stroke-width=\"2\"\/>\n                <path d=\"M12 3L12 21\" stroke=\"#E21E26\" stroke-width=\"2\"\/>\n            <\/svg>\n\n\n        <\/div>\n<\/section>\n\n<\/div><\/div>\n\n<div class=\"gb-container gb-container-e85c7aed custom__back__1_2\"><div class=\"gb-inside-container\"><\/div><\/div>\n\n<div class=\"gb-container gb-container-492857e3\"><div class=\"gb-inside-container\">\n\n<p style=\"font-size:18px; margin-bottom: 16px;\">Commentaire de la direction<\/p>\n\n\n\n<h2 class=\"wp-block-heading\" style=\"font-size:54px;font-style:normal;font-weight:700\">Les crises mondiales restent perceptibles<\/h2>\n\n<\/div><\/div>\n\n<div class=\"gb-container gb-container-a81a5619\"><div class=\"gb-inside-container\">\n\n<section id=\"CustomOverflowText-block_81caf18f3c7a0fe1df1cb1891b676ead\" class=\"overflow__text custom__overflow_wrapper\">\n            <div class=\"custom__overflow__desc hidden\" >\n            <p>Depuis la fin de la pand\u00e9mie, une nouvelle normalit\u00e9 s&rsquo;est install\u00e9e dans notre quotidien professionnel. Un changement de mentalit\u00e9 a eu lieu \u00e0 bien des \u00e9gards dans la soci\u00e9t\u00e9 et l&rsquo;\u00e9conomie. De nouvelles valeurs, de nouvelles fa\u00e7ons de voir et d&rsquo;agir se r\u00e9pandent. En tant qu&rsquo;acteur \u00e9conomique et employeur, nous nous effor\u00e7ons de faire face \u00e0 cette r\u00e9alit\u00e9 d&rsquo;un nouveau genre avec une certaine assurance. Et avec les meilleures personnes.<\/p>\n<p>&nbsp;<\/p>\n<p>Les \u00e9v\u00e9nements globaux de ces derniers mois marquent malheureusement aussi l&rsquo;ann\u00e9e commerciale 2022. Les corrections de cap strat\u00e9giques dans les affaires d&rsquo;assurance de ces derni\u00e8res ann\u00e9es portent leurs fruits et montrent clairement que nous courons un marathon, pas un sprint. L&rsquo;indemnit\u00e9 journali\u00e8re en cas de maladie est et reste notre enfant terrible. Les changements li\u00e9s \u00e0 la pand\u00e9mie, comme l&rsquo;augmentation du stress, la multiplication des maladies psychiques et la baisse du moral des employ\u00e9s, ont encore mis \u00e0 mal notre r\u00e9sultat technique. Dans l&rsquo;assurance-accidents, quelques gros sinistres ont eu un impact significatif. L&rsquo;\u00e9volution globalement r\u00e9jouissante des affaires d&rsquo;assurance montre toutefois que nous fournissons constamment des prestations de haut niveau dans notre c\u0153ur de m\u00e9tier. <\/p>\n<p>&nbsp;<\/p>\n<p>Malheureusement, la crise de Corona n&rsquo;a pas \u00e9t\u00e9 suivie d&rsquo;un r\u00e9pit et d&rsquo;autres crises ont suivi sans interruption. Ainsi, la guerre en Ukraine, la p\u00e9nurie d&rsquo;\u00e9nergie qui en a r\u00e9sult\u00e9, les effondrements boursiers et les march\u00e9s financiers en crise ainsi que les tendances inflationnistes avec des taux d&rsquo;int\u00e9r\u00eat en hausse ont pes\u00e9 sur le r\u00e9sultat global de 2022. Comme jamais auparavant, ces \u00e9v\u00e9nements montrent clairement \u00e0 quel point notre r\u00e9sultat annuel d\u00e9pend d&rsquo;\u00e9volutions \u00e9trang\u00e8res \u00e0 l&rsquo;assurance, comme les revenus des titres et de l&rsquo;immobilier. Nous profitons \u00e0 nouveau de cette situation pour revoir notre strat\u00e9gie \u00e0 long terme.<\/p>\n<p>&nbsp;<\/p>\n<p>Au cours de l&rsquo;ann\u00e9e sous revue, nous avons accord\u00e9 une attention particuli\u00e8re \u00e0 nos collaborateurs. Nous disposons ainsi de personnes comp\u00e9tentes et pr\u00eates \u00e0 s&rsquo;engager, qui ont une grande affinit\u00e9 avec nos services et les valeurs de notre marque. La demande de sens, de mod\u00e8les de travail flexibles, voire hybrides, a nettement augment\u00e9 au cours des douze derniers mois. Comme nous sommes une petite entreprise d&rsquo;une cinquantaine de collaborateurs et que nous devons ma\u00eetriser les m\u00eames t\u00e2ches qu&rsquo;un grand groupe de plusieurs milliers, nous allons continuer \u00e0 nous concentrer sur le recrutement de personnes qualifi\u00e9es, capables de travailler en \u00e9quipe et pr\u00eates \u00e0 s&rsquo;investir au cours du prochain exercice. Nous leur offrons des t\u00e2ches vari\u00e9es, beaucoup d&rsquo;initiative personnelle et des conditions de travail attrayantes &#8211; toujours dans le cadre de notre marge de man\u0153uvre \u00e9conomique.<\/p>\n<p>&nbsp;<\/p>\n<p>Au nom de la direction, je vous remercie, chers clients et partenaires commerciaux, pour votre fid\u00e9lit\u00e9 de longue date et votre grande confiance dans notre entreprise. Je remercie tout particuli\u00e8rement l&rsquo;ensemble de notre \u00e9quipe pour son engagement infatigable et hautement motiv\u00e9. <\/p>\n<p>&nbsp;<\/p>\n<p>Daniel Stettler<\/p>\n<p>CEO<\/p>\n        <\/div>\n        <div class=\"custom__overflow__button\">\n            <div class=\"buttom__overlay\"><\/div>\n            <p>Lire la suite<\/p>\n            <svg width=\"24\" height=\"24\" viewBox=\"0 0 24 24\" fill=\"none\" xmlns=\"http:\/\/www.w3.org\/2000\/svg\">\n                <path d=\"M3 12L21 12\" stroke=\"#E21E26\" stroke-width=\"2\"\/>\n                <path d=\"M12 3L12 21\" stroke=\"#E21E26\" stroke-width=\"2\"\/>\n            <\/svg>\n\n\n        <\/div>\n<\/section>\n\n<\/div><\/div>","protected":false},"excerpt":{"rendered":"<p>L&rsquo;exercice 2022 de l&rsquo;Assurance des m\u00e9tiers Notre premi\u00e8re r\u00e9trospective annuelle au format num\u00e9rique Bienvenue en ligne \u00e0 l\u2019occasion de la publication de notre premier rapport annuel num\u00e9rique! Offrez-vous un tour d\u2019horizon des activit\u00e9s de l\u2019Assurance des m\u00e9tiers qui ont jalonn\u00e9 l\u2019exercice 2022, levez un coin du voile sur notre univers de travail et d\u00e9couvrez nos &#8230; <a title=\"Accueil\" class=\"read-more\" href=\"https:\/\/report.branchenversicherung.ch\/2022\/fr\/\" aria-label=\"Plus sur Accueil\">Lire plus<\/a><\/p>\n","protected":false},"author":1,"featured_media":0,"parent":0,"menu_order":54,"comment_status":"closed","ping_status":"closed","template":"","meta":[],"acf":[],"_links":{"self":[{"href":"https:\/\/report.branchenversicherung.ch\/2022\/fr\/wp-json\/wp\/v2\/pages\/6771"}],"collection":[{"href":"https:\/\/report.branchenversicherung.ch\/2022\/fr\/wp-json\/wp\/v2\/pages"}],"about":[{"href":"https:\/\/report.branchenversicherung.ch\/2022\/fr\/wp-json\/wp\/v2\/types\/page"}],"author":[{"embeddable":true,"href":"https:\/\/report.branchenversicherung.ch\/2022\/fr\/wp-json\/wp\/v2\/users\/1"}],"replies":[{"embeddable":true,"href":"https:\/\/report.branchenversicherung.ch\/2022\/fr\/wp-json\/wp\/v2\/comments?post=6771"}],"version-history":[{"count":152,"href":"https:\/\/report.branchenversicherung.ch\/2022\/fr\/wp-json\/wp\/v2\/pages\/6771\/revisions"}],"predecessor-version":[{"id":17829,"href":"https:\/\/report.branchenversicherung.ch\/2022\/fr\/wp-json\/wp\/v2\/pages\/6771\/revisions\/17829"}],"wp:attachment":[{"href":"https:\/\/report.branchenversicherung.ch\/2022\/fr\/wp-json\/wp\/v2\/media?parent=6771"}],"curies":[{"name":"wp","href":"https:\/\/api.w.org\/{rel}","templated":true}]}}