{"id":15198,"date":"2023-03-20T15:14:46","date_gmt":"2023-03-20T14:14:46","guid":{"rendered":"https:\/\/report.branchenversicherung.ch\/?page_id=15198"},"modified":"2023-05-12T13:52:29","modified_gmt":"2023-05-12T11:52:29","slug":"fokus","status":"publish","type":"page","link":"https:\/\/report.branchenversicherung.ch\/2022\/fokus\/","title":{"rendered":"Fokus"},"content":{"rendered":"<div class=\"gb-container gb-container-2e514c65 alignfull\"><\/div>\n\n<div class=\"gb-container gb-container-6438943c\">\n\n<p style=\"margin-bottom: 16px;\">R\u00fcckblick<\/p>\n\n\n\n<h2 style=\"font-size:54px;font-style:normal;font-weight:700; margin-bottom: 32px;\">Zahlen und Prognosen<\/h2>\n\n\n\n<section id=\"StickyDownloader-block_6e17d231a3cfdc26168afa5986535ed0\" class=\"sticky__downloader alignfull sticky__downloader_wrapper\">\n        <div class=\"sticky__downloader_box\">\n        <a target=\"_blank\" href=\"https:\/\/report.branchenversicherung.ch\/2022\/wp-content\/uploads\/sites\/1\/2023\/05\/BV_GB22_Online_Zahlenteil_OR_DE_RZ_Download_Doppel-3.pdf\" class=\"sticky__downloader__container\">\n            <div class=\"sticky__downloader__back\">\n                <svg width=\"198\" height=\"90\" viewBox=\"0 0 198 90\"  preserveAspectRatio=\"none\" fill=\"rgba(255, 255, 255, 0.3)\" xmlns=\"http:\/\/www.w3.org\/2000\/svg\">\n                    <path d=\"M180.109 19H197V89H1.10938V1H179.109V18V19H180.109Z\" stroke=\"#E21E26\" stroke-width=\"2\"\/>\n                    <path d=\"M1.10938 1H179.693L197 18.4124V89H1.10938V1Z\" stroke=\"#E21E26\" stroke-width=\"2\"\/>\n                <\/svg>\n            <\/div>\n            <div class=\"sticky__animation__box\">\n                <div class=\"sticky__animation__box__item_1\">\n                    <p class=\"sticky__downloader__title\">Report 2022<\/p>\n\n<p class=\"sticky__downloader__link\">PDF, 2.3 MB<\/p>                <\/div>\n                <div class=\"download__hidden__btn\">\n                    <svg width=\"24\" height=\"24\" viewBox=\"0 0 24 24\" fill=\"none\" xmlns=\"http:\/\/www.w3.org\/2000\/svg\">\n                        <path d=\"M12 2L12 16\" stroke=\"#A20613\" stroke-width=\"2\"\/>\n                        <path d=\"M18.1158 10.0601L12.0601 16.1159L5.99362 10.0601\" stroke=\"#A20613\" stroke-width=\"2\"\/>\n                        <line x1=\"4\" y1=\"20\" x2=\"20\" y2=\"20\" stroke=\"#A20613\" stroke-width=\"2\"\/>\n                    <\/svg>\n                    <p>\n                        Download\n                    <\/p>\n\n                <\/div>\n            <\/div>\n\n        <\/a>\n        <div class=\"sticky__downloader__container_mob\">\n            <svg width=\"52\" height=\"60\" viewBox=\"0 0 52 60\" fill=\"none\" preserveAspectRatio=\"none\" xmlns=\"http:\/\/www.w3.org\/2000\/svg\">\n                <path d=\"M38.35 22.3208H51V59H11V11H37.35V21.3208V22.3208H38.35Z\" stroke=\"#E21E26\" stroke-width=\"2\"\/>\n                <path d=\"M51 59L11 59V11H37.9893L51 21.7906V59Z\" stroke=\"#E21E26\" stroke-width=\"2\"\/>\n                <line x1=\"18.8135\" y1=\"32.3333\" x2=\"40.5085\" y2=\"32.3333\" stroke=\"#E21E26\" stroke-width=\"2\"\/>\n                <line x1=\"18.8135\" y1=\"40.1111\" x2=\"40.5085\" y2=\"40.1111\" stroke=\"#E21E26\" stroke-width=\"2\"\/>\n                <line x1=\"18.8135\" y1=\"47.8889\" x2=\"31.0169\" y2=\"47.8889\" stroke=\"#E21E26\" stroke-width=\"2\"\/>\n                <rect width=\"24\" height=\"24\" fill=\"#E21E26\"\/>\n                <path d=\"M12 5.33333L12 14.6667\" stroke=\"white\" stroke-width=\"1.33333\"\/>\n                <path d=\"M16.0773 10.7067L12.0401 14.7439L7.99579 10.7067\" stroke=\"white\" stroke-width=\"1.33333\"\/>\n                <line x1=\"6.66669\" y1=\"17.3333\" x2=\"17.3334\" y2=\"17.3333\" stroke=\"white\" stroke-width=\"1.33333\"\/>\n            <\/svg>\n\n        <\/div>\n    <\/div>\n\n<\/section>\n\n\n\n\n\n<p>Hier finden Sie das Wichtigste in K\u00fcrze: Die Kennzahlen und die betriebswirtschaftliche Erfolgsrechnung im Vergleich zu den Ergebnissen vom Vorjahr. Alle weiteren Informationen und Zahlen zum Gesch\u00e4ftsjahr 2022 finden Sie in der Rubrik <a href=\"https:\/\/report.branchenversicherung.ch\/finanzen\/\" target=\"_blank\" data-type=\"page\" data-id=\"15355\" rel=\"noreferrer noopener\">\u201cFinanzen\u201c<\/a>. Ausserdem, Marcel Maier (Leiter Vertrieb) wagt einen Blick in die Zukunft.<\/p>\n\n<\/div>\n\n<div class=\"gb-container gb-container-a474b554\">\n\n<h2 class=\"wp-block-heading\" style=\"font-size:26px;font-style:normal;font-weight:700\">Kennzahlen<\/h2>\n\n\n\n<figure class=\"wp-block-image size-large is-style-default custom_img_over\"><img decoding=\"async\" width=\"1024\" height=\"565\" src=\"https:\/\/report.branchenversicherung.ch\/wp-content\/uploads\/2023\/05\/BV_GB22_Online_Zahlen_Tabellen_RZ_DE_Kennzahlen-1-1024x565.jpg\" alt=\"\" class=\"wp-image-17756\" srcset=\"https:\/\/report.branchenversicherung.ch\/2022\/wp-content\/uploads\/sites\/1\/2023\/05\/BV_GB22_Online_Zahlen_Tabellen_RZ_DE_Kennzahlen-1-1024x565.jpg 1024w, https:\/\/report.branchenversicherung.ch\/2022\/wp-content\/uploads\/sites\/1\/2023\/05\/BV_GB22_Online_Zahlen_Tabellen_RZ_DE_Kennzahlen-1-300x166.jpg 300w, https:\/\/report.branchenversicherung.ch\/2022\/wp-content\/uploads\/sites\/1\/2023\/05\/BV_GB22_Online_Zahlen_Tabellen_RZ_DE_Kennzahlen-1-768x424.jpg 768w, https:\/\/report.branchenversicherung.ch\/2022\/wp-content\/uploads\/sites\/1\/2023\/05\/BV_GB22_Online_Zahlen_Tabellen_RZ_DE_Kennzahlen-1-1536x848.jpg 1536w, https:\/\/report.branchenversicherung.ch\/2022\/wp-content\/uploads\/sites\/1\/2023\/05\/BV_GB22_Online_Zahlen_Tabellen_RZ_DE_Kennzahlen-1-2048x1131.jpg 2048w\" sizes=\"(max-width: 1024px) 100vw, 1024px\" \/><\/figure>\n\n<\/div>\n\n<div class=\"gb-container gb-container-8fce72d0\"><\/div>\n\n<div class=\"gb-container gb-container-832b0066\"><\/div>\n\n<div class=\"gb-container gb-container-5928df19\">\n\n<h2 class=\"wp-block-heading\" style=\"font-size:26px;font-style:normal;font-weight:700\">Erfolgsrechnung<\/h2>\n\n\n\n<figure class=\"wp-block-image size-large custom_img_over\"><img decoding=\"async\" width=\"1024\" height=\"565\" src=\"https:\/\/report.branchenversicherung.ch\/wp-content\/uploads\/2023\/04\/BV_GB22_Online_Zahlen_Tabellen_RZ_DE_Erfolgsrechnung_kurz-1024x565.jpg\" alt=\"\" class=\"wp-image-16631\" srcset=\"https:\/\/report.branchenversicherung.ch\/2022\/wp-content\/uploads\/sites\/1\/2023\/04\/BV_GB22_Online_Zahlen_Tabellen_RZ_DE_Erfolgsrechnung_kurz-1024x565.jpg 1024w, https:\/\/report.branchenversicherung.ch\/2022\/wp-content\/uploads\/sites\/1\/2023\/04\/BV_GB22_Online_Zahlen_Tabellen_RZ_DE_Erfolgsrechnung_kurz-300x166.jpg 300w, https:\/\/report.branchenversicherung.ch\/2022\/wp-content\/uploads\/sites\/1\/2023\/04\/BV_GB22_Online_Zahlen_Tabellen_RZ_DE_Erfolgsrechnung_kurz-768x424.jpg 768w, https:\/\/report.branchenversicherung.ch\/2022\/wp-content\/uploads\/sites\/1\/2023\/04\/BV_GB22_Online_Zahlen_Tabellen_RZ_DE_Erfolgsrechnung_kurz-1536x847.jpg 1536w, https:\/\/report.branchenversicherung.ch\/2022\/wp-content\/uploads\/sites\/1\/2023\/04\/BV_GB22_Online_Zahlen_Tabellen_RZ_DE_Erfolgsrechnung_kurz-2048x1130.jpg 2048w\" sizes=\"(max-width: 1024px) 100vw, 1024px\" \/><\/figure>\n\n<\/div>\n\n<div class=\"gb-container gb-container-8b0e6f80\">\n<section id=\"accordionB-block_5c909e47bd681eac79a44d0cd92a4d35\" class=\"accordionB container__accordion\">\n  <div class=\"rows__accordion make__accordion\"><p class=\"accordion__title__down\"> <span class=\"acc__head__text\"> R\u00fcckverg\u00fctungen<\/span><span class=\"icon__accordion__acc\"> <i class=\"fas fa-chevron-down\"><\/i>  <i class=\"fas fa-chevron-up\"><\/i> <\/span><\/p><div class=\"accordion__hidden__shown\"><h2 style=\"font-size:54px;font-style:normal;font-weight:700; margin-bottom: 32px;\">Herausfordernde Zeiten<\/h2>\n<p>Als Mitglied unserer Genossenschaft haben Sie die M\u00f6glichkeit, bei positiven Gesch\u00e4ftsergebnissen von R\u00fcckverg\u00fctungen zu profitieren. Wir sind immer bestrebt, in guten Jahren R\u00fcckverg\u00fctungen an unsere Mitglieder auszuzahlen.<\/p>\n<p>&nbsp;<\/p>\n<p>Leider mussten wir in den vergangenen Jahren einige unerwartete Herausforderungen meistern, darunter die Corona-Pandemie, den Ukraine-Krieg, Energiemangel, kriselnde Finanzm\u00e4rkte sowie neuerdings eine inflation\u00e4re Tendenz mit steigenden Zinsen. Diese Ereignisse haben gezeigt, wie sehr unser Jahresergebnis von Faktoren abh\u00e4ngt, die ausserhalb unserer direkten Kontrolle liegen.<\/p>\n<p>&nbsp;<\/p>\n<p>Infolgedessen hat der Verwaltungsrat beschlossen, vorbehaltlich der Zustimmung durch die Generalversammlung am 31. Mai 2023, f\u00fcr das Gesch\u00e4ftsjahr 2022 keine R\u00fcckverg\u00fctungen auszusch\u00fctten. Wir verstehen, dass dies entt\u00e4uschend sein mag, aber wir m\u00f6chten Ihnen versichern, dass wir unsere Entscheidung mit Bedacht getroffen haben. Wir sind \u00fcberzeugt, dass diese Massnahme es uns erm\u00f6glichen wird, in besseren Jahren wieder R\u00fcckverg\u00fctungen auszahlen zu k\u00f6nnen.&#8220;<\/p>\n<p>&nbsp;<\/p>\n<p>Wir m\u00f6chten uns bei Ihnen, gesch\u00e4tzte Mitglieder, f\u00fcr Ihr Verst\u00e4ndnis und Ihre anhaltende Treue bedanken.<\/p>\n<p>&nbsp;<\/p>\n<p>Yves Gyr, Pr\u00e4sident des Verwaltungsrates<\/p>\n<p>&nbsp;<\/p>\n<p><img decoding=\"async\" class=\"alignnone  wp-image-16609\" src=\"https:\/\/report.branchenversicherung.ch\/wp-content\/uploads\/2023\/04\/BV_GB22_Online_Zahlen_Tabellen_RZ_DE_Rueckverguetung-300x170.jpg\" alt=\"\" width=\"775\" height=\"439\" srcset=\"https:\/\/report.branchenversicherung.ch\/2022\/wp-content\/uploads\/sites\/1\/2023\/04\/BV_GB22_Online_Zahlen_Tabellen_RZ_DE_Rueckverguetung-300x170.jpg 300w, https:\/\/report.branchenversicherung.ch\/2022\/wp-content\/uploads\/sites\/1\/2023\/04\/BV_GB22_Online_Zahlen_Tabellen_RZ_DE_Rueckverguetung-1024x580.jpg 1024w, https:\/\/report.branchenversicherung.ch\/2022\/wp-content\/uploads\/sites\/1\/2023\/04\/BV_GB22_Online_Zahlen_Tabellen_RZ_DE_Rueckverguetung-768x435.jpg 768w, https:\/\/report.branchenversicherung.ch\/2022\/wp-content\/uploads\/sites\/1\/2023\/04\/BV_GB22_Online_Zahlen_Tabellen_RZ_DE_Rueckverguetung-1536x870.jpg 1536w, https:\/\/report.branchenversicherung.ch\/2022\/wp-content\/uploads\/sites\/1\/2023\/04\/BV_GB22_Online_Zahlen_Tabellen_RZ_DE_Rueckverguetung-2048x1160.jpg 2048w\" sizes=\"(max-width: 775px) 100vw, 775px\" \/><\/p>\n<p>&nbsp;<\/p>\n<\/div><hr class=\"accordion__separate row__seps\"><\/div><\/section>\n\n<\/div>\n\n<div class=\"gb-container gb-container-0f156684\"><\/div>\n\n<div class=\"gb-container gb-container-59eb5150\">\n\n<p style=\"font-size:18px; margin-bottom: 16px;\">Ein Blick in die Zukunft aus der Sicht von Marcel Maier, Leiter Vertrieb<\/p>\n\n\n\n<h2 style=\"font-size:54px;font-style:normal;font-weight:700; line-height: 64px;\">Auch in Zukunft im Mittelpunkt: Menschen<\/h2>\n\n<\/div>\n\n<div class=\"gb-container gb-container-69efed36\">\n\n<section id=\"CustomOverflowText-block_684677667b40826ae76c52b5869fe510\" class=\"overflow__text custom__overflow_wrapper\">\n            <div class=\"custom__overflow__desc hidden\" >\n            <h3 style=\"font-size:26px;font-style:normal;font-weight:700;\">Unsere Zukunft ist vielversprechend \u2013 so viel steht fest. Was es braucht, um sie wettbewerbsstark anzugehen, und welche Schwerpunktthemen wir dabei setzen, erfahren Sie von Marcel Maier, Leiter Vertrieb und Mitglied der Gesch\u00e4ftsleitung. Er blickt f\u00fcr uns in die Kristallkugel und legt seine Erkenntnisse aus.<\/h3>\n<p>&nbsp;<\/p>\n<p class=\"p1\"><b>Nachhaltiges Wachstum\u00a0<\/b>gelingt nur mit vertrauensvollen Partnerschaften. Es ist uns ein Anliegen, noch enger und gewinnbringender mit unseren Brokern zusammenzuarbeiten und neue Kooperationspartner von unserer Professionalit\u00e4t und Dienstleistungsqualit\u00e4t zu \u00fcberzeugen. Dazu bleiben wir authentisch und vermitteln unseren Ansprechpartnern unsere Werte. Deshalb investieren wir in Zukunft nach wie vor in f\u00e4hige und passende Kolleginnen und Kollegen und bauen sowohl unser Fachwissen als auch unser praxisorientiertes K\u00f6nnen gezielt aus.<\/p>\n<p class=\"p1\">\u00a0<\/p>\n<p class=\"p1\"><b>Die beschleunigte Digitalisierung von Produkten und Vertrieb\u00a0<\/b>erachte ich als pers\u00f6nliche Aufgabe. Wir m\u00f6chten grossen, kleinen und digitalen Brokern als Vertrauenspartner zur Seite stehen. Heute ist es schon beinahe Pflicht, digitale Versicherungsprodukte anzubieten. Solche oder digitale Projekte wie ein Kunden- oder Brokerportal sind Puzzleteil und gleichzeitig Treiber eines vollumf\u00e4nglich digitalisierten Vertriebs. Als Ganzes betrachtet beinhaltet dieser zahlreiche zu planende und aufeinander abzustimmende Prozesse. So oder so stellen wir sicher, dass sich unsere Kunden \u2013 trotz oder wegen unserer Gr\u00f6sse \u2013 bei uns gut aufgehoben f\u00fchlen und den pers\u00f6nlichen Kontakt weiterhin in Anspruch nehmen k\u00f6nnen.<\/p>\n        <\/div>\n        <div class=\"custom__overflow__button\">\n            <div class=\"buttom__overlay\"><\/div>\n            <p>Weiterlesen<\/p>\n            <svg width=\"24\" height=\"24\" viewBox=\"0 0 24 24\" fill=\"none\" xmlns=\"http:\/\/www.w3.org\/2000\/svg\">\n                <path d=\"M3 12L21 12\" stroke=\"#E21E26\" stroke-width=\"2\"\/>\n                <path d=\"M12 3L12 21\" stroke=\"#E21E26\" stroke-width=\"2\"\/>\n            <\/svg>\n\n\n        <\/div>\n<\/section>\n\n<\/div>\n\n<div class=\"gb-container gb-container-10db5ab0\">\n\n<h2 class=\"cst__pd\" style=\"font-size:32px;font-style:normal;font-weight:700; margin-bottom: 80px;\">Facts &amp; Figures<\/h2>\n\n\n\n<section id=\"FiguresBlock-block_81f2d0d21d631e04ab44c1f4e6bf14a0\" class=\"figures__block figures_wrapper\">\n                <div class=\"figure__container\" style=\"background: #ffffff\">\n                <div class=\"figure__desc\">\n                                    <\/div>\n                \n                <div class=\"figure__img\">\n                    <img decoding=\"async\" src=\"https:\/\/report.branchenversicherung.ch\/2022\/wp-content\/uploads\/sites\/1\/2023\/04\/BV_GB22_Online_Grafik_SST-Quote.gif\" alt=\"\">\n\n                <\/div>\n\n                \n\n            <\/div>\n                    <div class=\"figure__container\" style=\"background: #ffffff\">\n                <div class=\"figure__desc\">\n                                    <\/div>\n                \n                <div class=\"figure__img\">\n                    <img decoding=\"async\" src=\"https:\/\/report.branchenversicherung.ch\/2022\/wp-content\/uploads\/sites\/1\/2023\/04\/BV_GB22_Online_Grafik_Schadenfaelle.gif\" alt=\"\">\n\n                <\/div>\n\n                \n\n            <\/div>\n                    <div class=\"figure__container\" style=\"background: #ffffff\">\n                <div class=\"figure__desc\">\n                                    <\/div>\n                \n                <div class=\"figure__img\">\n                    <img decoding=\"async\" src=\"https:\/\/report.branchenversicherung.ch\/2022\/wp-content\/uploads\/sites\/1\/2023\/04\/BV_GB22_Online_Grafik_Praemienentwicklung.gif\" alt=\"\">\n\n                <\/div>\n\n                \n\n            <\/div>\n        \n<\/section>\n\n<\/div>","protected":false},"excerpt":{"rendered":"<p>R\u00fcckblick Zahlen und Prognosen Hier finden Sie das Wichtigste in K\u00fcrze: Die Kennzahlen und die betriebswirtschaftliche Erfolgsrechnung im Vergleich zu den Ergebnissen vom Vorjahr. Alle weiteren Informationen und Zahlen zum Gesch\u00e4ftsjahr 2022 finden Sie in der Rubrik \u201cFinanzen\u201c. Ausserdem, Marcel Maier (Leiter Vertrieb) wagt einen Blick in die Zukunft. Kennzahlen Erfolgsrechnung Ein Blick in die &#8230; <a title=\"Fokus\" class=\"read-more\" href=\"https:\/\/report.branchenversicherung.ch\/2022\/fokus\/\" aria-label=\"Mehr zu Fokus\">Weiterlesen &#8230;<\/a><\/p>\n","protected":false},"author":8,"featured_media":0,"parent":0,"menu_order":5,"comment_status":"closed","ping_status":"closed","template":"","meta":[],"acf":[],"_links":{"self":[{"href":"https:\/\/report.branchenversicherung.ch\/2022\/wp-json\/wp\/v2\/pages\/15198"}],"collection":[{"href":"https:\/\/report.branchenversicherung.ch\/2022\/wp-json\/wp\/v2\/pages"}],"about":[{"href":"https:\/\/report.branchenversicherung.ch\/2022\/wp-json\/wp\/v2\/types\/page"}],"author":[{"embeddable":true,"href":"https:\/\/report.branchenversicherung.ch\/2022\/wp-json\/wp\/v2\/users\/8"}],"replies":[{"embeddable":true,"href":"https:\/\/report.branchenversicherung.ch\/2022\/wp-json\/wp\/v2\/comments?post=15198"}],"version-history":[{"count":148,"href":"https:\/\/report.branchenversicherung.ch\/2022\/wp-json\/wp\/v2\/pages\/15198\/revisions"}],"predecessor-version":[{"id":17850,"href":"https:\/\/report.branchenversicherung.ch\/2022\/wp-json\/wp\/v2\/pages\/15198\/revisions\/17850"}],"wp:attachment":[{"href":"https:\/\/report.branchenversicherung.ch\/2022\/wp-json\/wp\/v2\/media?parent=15198"}],"curies":[{"name":"wp","href":"https:\/\/api.w.org\/{rel}","templated":true}]}}